{"id":1175,"date":"2019-11-27T15:32:45","date_gmt":"2019-11-27T14:32:45","guid":{"rendered":"http:\/\/www.gaucatering.com\/?page_id=1175"},"modified":"2023-08-03T14:01:48","modified_gmt":"2023-08-03T12:01:48","slug":"la-nostra-historia","status":"publish","type":"page","link":"https:\/\/www.gaucatering.com\/ca\/la-nostra-historia\/","title":{"rendered":"La nostra hist\u00f2ria"},"content":{"rendered":"\t\t<div data-elementor-type=\"wp-page\" data-elementor-id=\"1175\" class=\"elementor elementor-1175\" data-elementor-post-type=\"page\">\n\t\t\t\t\t\t<section class=\"elementor-section elementor-top-section elementor-element elementor-element-8c450aa elementor-section-height-min-height elementor-section-boxed elementor-section-height-default elementor-section-items-middle\" data-id=\"8c450aa\" data-element_type=\"section\" data-e-type=\"section\" data-settings=\"{&quot;background_background&quot;:&quot;classic&quot;}\">\n\t\t\t\t\t\t\t<div class=\"elementor-background-overlay\"><\/div>\n\t\t\t\t\t\t\t<div class=\"elementor-container elementor-column-gap-no\">\n\t\t\t\t\t<div class=\"elementor-column elementor-col-100 elementor-top-column elementor-element elementor-element-c6d4216\" data-id=\"c6d4216\" data-element_type=\"column\" data-e-type=\"column\">\n\t\t\t<div class=\"elementor-widget-wrap elementor-element-populated\">\n\t\t\t\t\t\t<div class=\"elementor-element elementor-element-8bc48b8 elementor-widget elementor-widget-heading\" data-id=\"8bc48b8\" data-element_type=\"widget\" data-e-type=\"widget\" data-widget_type=\"heading.default\">\n\t\t\t\t<div class=\"elementor-widget-container\">\n\t\t\t\t\t<h1 class=\"elementor-heading-title elementor-size-default\">Our Story<\/h1>\t\t\t\t<\/div>\n\t\t\t\t<\/div>\n\t\t\t\t<div class=\"elementor-element elementor-element-7c39266 elementor-widget elementor-widget-heading\" data-id=\"7c39266\" data-element_type=\"widget\" data-e-type=\"widget\" data-widget_type=\"heading.default\">\n\t\t\t\t<div class=\"elementor-widget-container\">\n\t\t\t\t\t<p class=\"elementor-heading-title elementor-size-default\">Un dia, vam decidir unir els nostres millors ingredients, li vam afegir la passi\u00f3 que sentim pel servei i a foc lent vam comen\u00e7ar la nostra millor recepta...<\/p>\t\t\t\t<\/div>\n\t\t\t\t<\/div>\n\t\t\t\t<div class=\"elementor-element elementor-element-3da01d9 elementor-widget elementor-widget-heading\" data-id=\"3da01d9\" data-element_type=\"widget\" data-e-type=\"widget\" data-widget_type=\"heading.default\">\n\t\t\t\t<div class=\"elementor-widget-container\">\n\t\t\t\t\t<p class=\"elementor-heading-title elementor-size-default\">Aix\u00ed va n\u00e9ixer GAU C\u00e0tering<\/p>\t\t\t\t<\/div>\n\t\t\t\t<\/div>\n\t\t\t\t\t<\/div>\n\t\t<\/div>\n\t\t\t\t\t<\/div>\n\t\t<\/section>\n\t\t\t\t<section class=\"elementor-section elementor-top-section elementor-element elementor-element-83d9b45 elementor-section-boxed elementor-section-height-default elementor-section-height-default\" data-id=\"83d9b45\" data-element_type=\"section\" data-e-type=\"section\">\n\t\t\t\t\t\t<div class=\"elementor-container elementor-column-gap-wider\">\n\t\t\t\t\t<div class=\"elementor-column elementor-col-50 elementor-top-column elementor-element elementor-element-35616b8\" data-id=\"35616b8\" data-element_type=\"column\" data-e-type=\"column\" data-settings=\"{&quot;background_background&quot;:&quot;classic&quot;}\">\n\t\t\t<div class=\"elementor-widget-wrap elementor-element-populated\">\n\t\t\t\t\t\t<div class=\"elementor-element elementor-element-bb608a1 elementor-widget elementor-widget-image\" data-id=\"bb608a1\" data-element_type=\"widget\" data-e-type=\"widget\" data-widget_type=\"image.default\">\n\t\t\t\t<div class=\"elementor-widget-container\">\n\t\t\t\t\t\t\t\t\t\t\t\t\t\t\t<img fetchpriority=\"high\" decoding=\"async\" width=\"979\" height=\"800\" src=\"https:\/\/www.gaucatering.com\/wp-content\/uploads\/2019\/11\/carta-gau1.png\" class=\"attachment-large size-large wp-image-532\" alt=\"\" srcset=\"https:\/\/www.gaucatering.com\/wp-content\/uploads\/2019\/11\/carta-gau1.png 979w, https:\/\/www.gaucatering.com\/wp-content\/uploads\/2019\/11\/carta-gau1-768x628.png 768w\" sizes=\"(max-width: 979px) 100vw, 979px\" \/>\t\t\t\t\t\t\t\t\t\t\t\t\t\t\t<\/div>\n\t\t\t\t<\/div>\n\t\t\t\t\t<\/div>\n\t\t<\/div>\n\t\t\t\t<div class=\"elementor-column elementor-col-50 elementor-top-column elementor-element elementor-element-1dfe1f2\" data-id=\"1dfe1f2\" data-element_type=\"column\" data-e-type=\"column\" data-settings=\"{&quot;background_background&quot;:&quot;classic&quot;}\">\n\t\t\t<div class=\"elementor-widget-wrap elementor-element-populated\">\n\t\t\t\t\t\t<div class=\"elementor-element elementor-element-668b6f8 elementor-widget elementor-widget-heading\" data-id=\"668b6f8\" data-element_type=\"widget\" data-e-type=\"widget\" data-widget_type=\"heading.default\">\n\t\t\t\t<div class=\"elementor-widget-container\">\n\t\t\t\t\t<p class=\"elementor-heading-title elementor-size-default\">No se m\u2019acut millor forma de definir la gastronomia... Una manera deliciosa de transportar-se en el temps i l\u2019espai. <\/p>\t\t\t\t<\/div>\n\t\t\t\t<\/div>\n\t\t\t\t<div class=\"elementor-element elementor-element-a9cab1a elementor-widget elementor-widget-heading\" data-id=\"a9cab1a\" data-element_type=\"widget\" data-e-type=\"widget\" data-widget_type=\"heading.default\">\n\t\t\t\t<div class=\"elementor-widget-container\">\n\t\t\t\t\t<p class=\"elementor-heading-title elementor-size-default\">Olors i sabors marquen la nostre vida i estan completament enlla\u00e7ats amb aquella \u00e0rea del nostre cervell que s\u2019encarrega dels records. Ens fan sentir i reviure moments viscuts.<\/p>\t\t\t\t<\/div>\n\t\t\t\t<\/div>\n\t\t\t\t<div class=\"elementor-element elementor-element-575a913 elementor-widget elementor-widget-heading\" data-id=\"575a913\" data-element_type=\"widget\" data-e-type=\"widget\" data-widget_type=\"heading.default\">\n\t\t\t\t<div class=\"elementor-widget-container\">\n\t\t\t\t\t<p class=\"elementor-heading-title elementor-size-default\">Aix\u00ed va comen\u00e7ar aquest somni... el nostre projecte... amb l\u2019afany de crear records i ser part de la hist\u00f2ria de parelles, amics i familiars. <\/p>\t\t\t\t<\/div>\n\t\t\t\t<\/div>\n\t\t\t\t<div class=\"elementor-element elementor-element-00e7ebf elementor-widget elementor-widget-heading\" data-id=\"00e7ebf\" data-element_type=\"widget\" data-e-type=\"widget\" data-widget_type=\"heading.default\">\n\t\t\t\t<div class=\"elementor-widget-container\">\n\t\t\t\t\t<p class=\"elementor-heading-title elementor-size-default\">Despr\u00e9s de m\u00e9s de 15 anys, seguim fent el que ens apassiona. Crear records\u2026 Em sento tant afortunada i agra\u00efda per poder viure moments inoblidables amb persones de tants llocs del m\u00f3n...<\/p>\t\t\t\t<\/div>\n\t\t\t\t<\/div>\n\t\t\t\t<div class=\"elementor-element elementor-element-7d97745 elementor-widget elementor-widget-image\" data-id=\"7d97745\" data-element_type=\"widget\" data-e-type=\"widget\" data-widget_type=\"image.default\">\n\t\t\t\t<div class=\"elementor-widget-container\">\n\t\t\t\t\t\t\t\t\t\t\t\t\t\t\t<img decoding=\"async\" width=\"626\" height=\"226\" src=\"https:\/\/www.gaucatering.com\/wp-content\/uploads\/2019\/11\/firma-gau1.png\" class=\"attachment-large size-large wp-image-533\" alt=\"\" \/>\t\t\t\t\t\t\t\t\t\t\t\t\t\t\t<\/div>\n\t\t\t\t<\/div>\n\t\t\t\t\t<\/div>\n\t\t<\/div>\n\t\t\t\t\t<\/div>\n\t\t<\/section>\n\t\t\t\t<section class=\"elementor-section elementor-top-section elementor-element elementor-element-f71c1d1 elementor-section-boxed elementor-section-height-default elementor-section-height-default\" data-id=\"f71c1d1\" data-element_type=\"section\" data-e-type=\"section\" data-settings=\"{&quot;background_motion_fx_devices&quot;:[&quot;desktop&quot;,&quot;tablet&quot;,&quot;mobile&quot;]}\">\n\t\t\t\t\t\t\t<div class=\"elementor-background-overlay\"><\/div>\n\t\t\t\t\t\t\t<div class=\"elementor-container elementor-column-gap-default\">\n\t\t\t\t\t<div class=\"elementor-column elementor-col-100 elementor-top-column elementor-element elementor-element-f28838f\" data-id=\"f28838f\" data-element_type=\"column\" data-e-type=\"column\">\n\t\t\t<div class=\"elementor-widget-wrap\">\n\t\t\t\t\t\t\t<\/div>\n\t\t<\/div>\n\t\t\t\t\t<\/div>\n\t\t<\/section>\n\t\t\t\t<section class=\"elementor-section elementor-top-section elementor-element elementor-element-27bf4c4 elementor-section-boxed elementor-section-height-default elementor-section-height-default\" data-id=\"27bf4c4\" data-element_type=\"section\" data-e-type=\"section\" data-settings=\"{&quot;background_background&quot;:&quot;classic&quot;}\">\n\t\t\t\t\t\t<div class=\"elementor-container elementor-column-gap-default\">\n\t\t\t\t\t<div class=\"elementor-column elementor-col-100 elementor-top-column elementor-element elementor-element-0b1c81b\" data-id=\"0b1c81b\" data-element_type=\"column\" data-e-type=\"column\">\n\t\t\t<div class=\"elementor-widget-wrap elementor-element-populated\">\n\t\t\t\t\t\t<div class=\"elementor-element elementor-element-0b66086 elementor-widget elementor-widget-image\" data-id=\"0b66086\" data-element_type=\"widget\" data-e-type=\"widget\" data-widget_type=\"image.default\">\n\t\t\t\t<div class=\"elementor-widget-container\">\n\t\t\t\t\t\t\t\t\t\t\t\t\t\t\t<img decoding=\"async\" width=\"1500\" height=\"226\" src=\"https:\/\/www.gaucatering.com\/wp-content\/uploads\/2019\/11\/we-are-gau-blanco.png\" class=\"attachment-large size-large wp-image-896\" alt=\"\" srcset=\"https:\/\/www.gaucatering.com\/wp-content\/uploads\/2019\/11\/we-are-gau-blanco.png 1500w, https:\/\/www.gaucatering.com\/wp-content\/uploads\/2019\/11\/we-are-gau-blanco-768x116.png 768w, https:\/\/www.gaucatering.com\/wp-content\/uploads\/2019\/11\/we-are-gau-blanco-350x53.png 350w\" sizes=\"(max-width: 1500px) 100vw, 1500px\" \/>\t\t\t\t\t\t\t\t\t\t\t\t\t\t\t<\/div>\n\t\t\t\t<\/div>\n\t\t\t\t\t<\/div>\n\t\t<\/div>\n\t\t\t\t\t<\/div>\n\t\t<\/section>\n\t\t\t\t<section class=\"elementor-section elementor-top-section elementor-element elementor-element-3f7a41a elementor-section-boxed elementor-section-height-default elementor-section-height-default\" data-id=\"3f7a41a\" data-element_type=\"section\" data-e-type=\"section\">\n\t\t\t\t\t\t<div class=\"elementor-container elementor-column-gap-default\">\n\t\t\t\t\t<div class=\"elementor-column elementor-col-100 elementor-top-column elementor-element elementor-element-88e1865\" data-id=\"88e1865\" data-element_type=\"column\" data-e-type=\"column\">\n\t\t\t<div class=\"elementor-widget-wrap elementor-element-populated\">\n\t\t\t\t\t\t<div class=\"elementor-element elementor-element-4c720ab elementor-widget elementor-widget-heading\" data-id=\"4c720ab\" data-element_type=\"widget\" data-e-type=\"widget\" data-widget_type=\"heading.default\">\n\t\t\t\t<div class=\"elementor-widget-container\">\n\t\t\t\t\t<p class=\"elementor-heading-title elementor-size-default\">Food is <span>memories<\/span><\/p>\t\t\t\t<\/div>\n\t\t\t\t<\/div>\n\t\t\t\t<div class=\"elementor-element elementor-element-6431cfd elementor-widget elementor-widget-heading\" data-id=\"6431cfd\" data-element_type=\"widget\" data-e-type=\"widget\" data-widget_type=\"heading.default\">\n\t\t\t\t<div class=\"elementor-widget-container\">\n\t\t\t\t\t<p class=\"elementor-heading-title elementor-size-default\">Creiem en el poder <br class=\"br\">\nde la gastronomia per crear records<\/p>\t\t\t\t<\/div>\n\t\t\t\t<\/div>\n\t\t\t\t\t<\/div>\n\t\t<\/div>\n\t\t\t\t\t<\/div>\n\t\t<\/section>\n\t\t\t\t<\/div>\n\t\t","protected":false},"excerpt":{"rendered":"<p>Our Story Un dia, vam decidir unir els nostres millors ingredients, li vam afegir la passi\u00f3 que sentim pel servei i a foc lent vam comen\u00e7ar la nostra millor recepta&#8230; Aix\u00ed va n\u00e9ixer GAU C\u00e0tering No se m\u2019acut millor forma de definir la gastronomia&#8230; Una manera deliciosa de transportar-se en el temps i l\u2019espai. Olors [&hellip;]<\/p>\n","protected":false},"author":1,"featured_media":0,"parent":0,"menu_order":0,"comment_status":"closed","ping_status":"closed","template":"elementor_header_footer","meta":{"footnotes":""},"class_list":["post-1175","page","type-page","status-publish","hentry"],"yoast_head":"<!-- This site is optimized with the Yoast SEO plugin v27.4 - https:\/\/yoast.com\/product\/yoast-seo-wordpress\/ -->\n<title>La nostra hist\u00f2ria<\/title>\n<meta name=\"description\" content=\"Els nostres millors ingredients barrejats amb la passi\u00f3 que sentim pel servei. A foc lent comencem la nostra millor recepta. Aix\u00ed va n\u00e9ixer GAU Catering.\" \/>\n<meta name=\"robots\" content=\"index, follow, max-snippet:-1, max-image-preview:large, max-video-preview:-1\" \/>\n<link rel=\"canonical\" href=\"https:\/\/www.gaucatering.com\/ca\/la-nostra-historia\/\" \/>\n<meta property=\"og:locale\" content=\"ca_ES\" \/>\n<meta property=\"og:type\" content=\"article\" \/>\n<meta property=\"og:title\" content=\"La nostra hist\u00f2ria\" \/>\n<meta property=\"og:description\" content=\"Els nostres millors ingredients barrejats amb la passi\u00f3 que sentim pel servei. A foc lent comencem la nostra millor recepta. Aix\u00ed va n\u00e9ixer GAU Catering.\" \/>\n<meta property=\"og:url\" content=\"https:\/\/www.gaucatering.com\/ca\/la-nostra-historia\/\" \/>\n<meta property=\"og:site_name\" content=\"Catering sostenible de calidad en Barcelona\" \/>\n<meta property=\"article:publisher\" content=\"https:\/\/www.facebook.com\/GAU-Catering-44876256866\/\" \/>\n<meta property=\"article:modified_time\" content=\"2023-08-03T12:01:48+00:00\" \/>\n<meta property=\"og:image\" content=\"http:\/\/www.gaucatering.com\/wp-content\/uploads\/2019\/11\/carta-gau1.png\" \/>\n<meta name=\"twitter:card\" content=\"summary_large_image\" \/>\n<meta name=\"twitter:site\" content=\"@GAUCatering\" \/>\n<meta name=\"twitter:label1\" content=\"Temps estimat de lectura\" \/>\n\t<meta name=\"twitter:data1\" content=\"2 minuts\" \/>\n<script type=\"application\/ld+json\" class=\"yoast-schema-graph\">{\"@context\":\"https:\\\/\\\/schema.org\",\"@graph\":[{\"@type\":\"WebPage\",\"@id\":\"https:\\\/\\\/www.gaucatering.com\\\/ca\\\/la-nostra-historia\\\/\",\"url\":\"https:\\\/\\\/www.gaucatering.com\\\/ca\\\/la-nostra-historia\\\/\",\"name\":\"La nostra hist\u00f2ria\",\"isPartOf\":{\"@id\":\"https:\\\/\\\/www.gaucatering.com\\\/#website\"},\"primaryImageOfPage\":{\"@id\":\"https:\\\/\\\/www.gaucatering.com\\\/ca\\\/la-nostra-historia\\\/#primaryimage\"},\"image\":{\"@id\":\"https:\\\/\\\/www.gaucatering.com\\\/ca\\\/la-nostra-historia\\\/#primaryimage\"},\"thumbnailUrl\":\"http:\\\/\\\/www.gaucatering.com\\\/wp-content\\\/uploads\\\/2019\\\/11\\\/carta-gau1.png\",\"datePublished\":\"2019-11-27T14:32:45+00:00\",\"dateModified\":\"2023-08-03T12:01:48+00:00\",\"description\":\"Els nostres millors ingredients barrejats amb la passi\u00f3 que sentim pel servei. A foc lent comencem la nostra millor recepta. Aix\u00ed va n\u00e9ixer GAU Catering.\",\"breadcrumb\":{\"@id\":\"https:\\\/\\\/www.gaucatering.com\\\/ca\\\/la-nostra-historia\\\/#breadcrumb\"},\"inLanguage\":\"ca\",\"potentialAction\":[{\"@type\":\"ReadAction\",\"target\":[\"https:\\\/\\\/www.gaucatering.com\\\/ca\\\/la-nostra-historia\\\/\"]}]},{\"@type\":\"ImageObject\",\"inLanguage\":\"ca\",\"@id\":\"https:\\\/\\\/www.gaucatering.com\\\/ca\\\/la-nostra-historia\\\/#primaryimage\",\"url\":\"http:\\\/\\\/www.gaucatering.com\\\/wp-content\\\/uploads\\\/2019\\\/11\\\/carta-gau1.png\",\"contentUrl\":\"http:\\\/\\\/www.gaucatering.com\\\/wp-content\\\/uploads\\\/2019\\\/11\\\/carta-gau1.png\"},{\"@type\":\"BreadcrumbList\",\"@id\":\"https:\\\/\\\/www.gaucatering.com\\\/ca\\\/la-nostra-historia\\\/#breadcrumb\",\"itemListElement\":[{\"@type\":\"ListItem\",\"position\":1,\"name\":\"Portada\",\"item\":\"https:\\\/\\\/www.gaucatering.com\\\/ca\\\/\"},{\"@type\":\"ListItem\",\"position\":2,\"name\":\"La nostra hist\u00f2ria\"}]},{\"@type\":\"WebSite\",\"@id\":\"https:\\\/\\\/www.gaucatering.com\\\/#website\",\"url\":\"https:\\\/\\\/www.gaucatering.com\\\/\",\"name\":\"Catering sostenible de calidad en Barcelona\",\"description\":\"Creemos en el poder de la gastronom\u00eda para crear recuerdos. Pasi\u00f3n, trabajo bien hecho y compromiso medioambiental y social. Catering para bodas y empresas \u260e\ufe0f\",\"publisher\":{\"@id\":\"https:\\\/\\\/www.gaucatering.com\\\/#organization\"},\"potentialAction\":[{\"@type\":\"SearchAction\",\"target\":{\"@type\":\"EntryPoint\",\"urlTemplate\":\"https:\\\/\\\/www.gaucatering.com\\\/?s={search_term_string}\"},\"query-input\":{\"@type\":\"PropertyValueSpecification\",\"valueRequired\":true,\"valueName\":\"search_term_string\"}}],\"inLanguage\":\"ca\"},{\"@type\":\"Organization\",\"@id\":\"https:\\\/\\\/www.gaucatering.com\\\/#organization\",\"name\":\"GAU CATERING\",\"url\":\"https:\\\/\\\/www.gaucatering.com\\\/\",\"logo\":{\"@type\":\"ImageObject\",\"inLanguage\":\"ca\",\"@id\":\"https:\\\/\\\/www.gaucatering.com\\\/#\\\/schema\\\/logo\\\/image\\\/\",\"url\":\"https:\\\/\\\/www.gaucatering.com\\\/wp-content\\\/uploads\\\/2019\\\/11\\\/logo-gau-v2.png\",\"contentUrl\":\"https:\\\/\\\/www.gaucatering.com\\\/wp-content\\\/uploads\\\/2019\\\/11\\\/logo-gau-v2.png\",\"width\":100,\"height\":60,\"caption\":\"GAU CATERING\"},\"image\":{\"@id\":\"https:\\\/\\\/www.gaucatering.com\\\/#\\\/schema\\\/logo\\\/image\\\/\"},\"sameAs\":[\"https:\\\/\\\/www.facebook.com\\\/GAU-Catering-44876256866\\\/\",\"https:\\\/\\\/x.com\\\/GAUCatering\",\"https:\\\/\\\/www.instagram.com\\\/gaucatering\\\/\",\"https:\\\/\\\/www.linkedin.com\\\/company\\\/gau-catering\\\/\"]}]}<\/script>\n<!-- \/ Yoast SEO plugin. -->","yoast_head_json":{"title":"La nostra hist\u00f2ria","description":"Els nostres millors ingredients barrejats amb la passi\u00f3 que sentim pel servei. A foc lent comencem la nostra millor recepta. Aix\u00ed va n\u00e9ixer GAU Catering.","robots":{"index":"index","follow":"follow","max-snippet":"max-snippet:-1","max-image-preview":"max-image-preview:large","max-video-preview":"max-video-preview:-1"},"canonical":"https:\/\/www.gaucatering.com\/ca\/la-nostra-historia\/","og_locale":"ca_ES","og_type":"article","og_title":"La nostra hist\u00f2ria","og_description":"Els nostres millors ingredients barrejats amb la passi\u00f3 que sentim pel servei. A foc lent comencem la nostra millor recepta. Aix\u00ed va n\u00e9ixer GAU Catering.","og_url":"https:\/\/www.gaucatering.com\/ca\/la-nostra-historia\/","og_site_name":"Catering sostenible de calidad en Barcelona","article_publisher":"https:\/\/www.facebook.com\/GAU-Catering-44876256866\/","article_modified_time":"2023-08-03T12:01:48+00:00","og_image":[{"url":"http:\/\/www.gaucatering.com\/wp-content\/uploads\/2019\/11\/carta-gau1.png","type":"","width":"","height":""}],"twitter_card":"summary_large_image","twitter_site":"@GAUCatering","twitter_misc":{"Temps estimat de lectura":"2 minuts"},"schema":{"@context":"https:\/\/schema.org","@graph":[{"@type":"WebPage","@id":"https:\/\/www.gaucatering.com\/ca\/la-nostra-historia\/","url":"https:\/\/www.gaucatering.com\/ca\/la-nostra-historia\/","name":"La nostra hist\u00f2ria","isPartOf":{"@id":"https:\/\/www.gaucatering.com\/#website"},"primaryImageOfPage":{"@id":"https:\/\/www.gaucatering.com\/ca\/la-nostra-historia\/#primaryimage"},"image":{"@id":"https:\/\/www.gaucatering.com\/ca\/la-nostra-historia\/#primaryimage"},"thumbnailUrl":"http:\/\/www.gaucatering.com\/wp-content\/uploads\/2019\/11\/carta-gau1.png","datePublished":"2019-11-27T14:32:45+00:00","dateModified":"2023-08-03T12:01:48+00:00","description":"Els nostres millors ingredients barrejats amb la passi\u00f3 que sentim pel servei. A foc lent comencem la nostra millor recepta. Aix\u00ed va n\u00e9ixer GAU Catering.","breadcrumb":{"@id":"https:\/\/www.gaucatering.com\/ca\/la-nostra-historia\/#breadcrumb"},"inLanguage":"ca","potentialAction":[{"@type":"ReadAction","target":["https:\/\/www.gaucatering.com\/ca\/la-nostra-historia\/"]}]},{"@type":"ImageObject","inLanguage":"ca","@id":"https:\/\/www.gaucatering.com\/ca\/la-nostra-historia\/#primaryimage","url":"http:\/\/www.gaucatering.com\/wp-content\/uploads\/2019\/11\/carta-gau1.png","contentUrl":"http:\/\/www.gaucatering.com\/wp-content\/uploads\/2019\/11\/carta-gau1.png"},{"@type":"BreadcrumbList","@id":"https:\/\/www.gaucatering.com\/ca\/la-nostra-historia\/#breadcrumb","itemListElement":[{"@type":"ListItem","position":1,"name":"Portada","item":"https:\/\/www.gaucatering.com\/ca\/"},{"@type":"ListItem","position":2,"name":"La nostra hist\u00f2ria"}]},{"@type":"WebSite","@id":"https:\/\/www.gaucatering.com\/#website","url":"https:\/\/www.gaucatering.com\/","name":"Catering sostenible de calidad en Barcelona","description":"Creemos en el poder de la gastronom\u00eda para crear recuerdos. Pasi\u00f3n, trabajo bien hecho y compromiso medioambiental y social. Catering para bodas y empresas \u260e\ufe0f","publisher":{"@id":"https:\/\/www.gaucatering.com\/#organization"},"potentialAction":[{"@type":"SearchAction","target":{"@type":"EntryPoint","urlTemplate":"https:\/\/www.gaucatering.com\/?s={search_term_string}"},"query-input":{"@type":"PropertyValueSpecification","valueRequired":true,"valueName":"search_term_string"}}],"inLanguage":"ca"},{"@type":"Organization","@id":"https:\/\/www.gaucatering.com\/#organization","name":"GAU CATERING","url":"https:\/\/www.gaucatering.com\/","logo":{"@type":"ImageObject","inLanguage":"ca","@id":"https:\/\/www.gaucatering.com\/#\/schema\/logo\/image\/","url":"https:\/\/www.gaucatering.com\/wp-content\/uploads\/2019\/11\/logo-gau-v2.png","contentUrl":"https:\/\/www.gaucatering.com\/wp-content\/uploads\/2019\/11\/logo-gau-v2.png","width":100,"height":60,"caption":"GAU CATERING"},"image":{"@id":"https:\/\/www.gaucatering.com\/#\/schema\/logo\/image\/"},"sameAs":["https:\/\/www.facebook.com\/GAU-Catering-44876256866\/","https:\/\/x.com\/GAUCatering","https:\/\/www.instagram.com\/gaucatering\/","https:\/\/www.linkedin.com\/company\/gau-catering\/"]}]}},"_links":{"self":[{"href":"https:\/\/www.gaucatering.com\/ca\/wp-json\/wp\/v2\/pages\/1175","targetHints":{"allow":["GET"]}}],"collection":[{"href":"https:\/\/www.gaucatering.com\/ca\/wp-json\/wp\/v2\/pages"}],"about":[{"href":"https:\/\/www.gaucatering.com\/ca\/wp-json\/wp\/v2\/types\/page"}],"author":[{"embeddable":true,"href":"https:\/\/www.gaucatering.com\/ca\/wp-json\/wp\/v2\/users\/1"}],"replies":[{"embeddable":true,"href":"https:\/\/www.gaucatering.com\/ca\/wp-json\/wp\/v2\/comments?post=1175"}],"version-history":[{"count":1,"href":"https:\/\/www.gaucatering.com\/ca\/wp-json\/wp\/v2\/pages\/1175\/revisions"}],"predecessor-version":[{"id":45464,"href":"https:\/\/www.gaucatering.com\/ca\/wp-json\/wp\/v2\/pages\/1175\/revisions\/45464"}],"wp:attachment":[{"href":"https:\/\/www.gaucatering.com\/ca\/wp-json\/wp\/v2\/media?parent=1175"}],"curies":[{"name":"wp","href":"https:\/\/api.w.org\/{rel}","templated":true}]}}