{"id":48037,"date":"2025-05-20T09:21:06","date_gmt":"2025-05-20T07:21:06","guid":{"rendered":"https:\/\/www.gaucatering.com\/?page_id=48037"},"modified":"2025-05-20T09:22:38","modified_gmt":"2025-05-20T07:22:38","slug":"catering-bell-reco","status":"publish","type":"page","link":"https:\/\/www.gaucatering.com\/en\/catering-bell-reco\/","title":{"rendered":"Catering Bell Rec\u00f3"},"content":{"rendered":"\t\t<div data-elementor-type=\"wp-page\" data-elementor-id=\"48037\" class=\"elementor elementor-48037\" data-elementor-post-type=\"page\">\n\t\t\t\t\t\t<section class=\"elementor-section elementor-top-section elementor-element elementor-element-52704bab elementor-section-height-min-height elementor-section-stretched elementor-section-boxed elementor-section-height-default elementor-section-items-middle\" data-id=\"52704bab\" data-element_type=\"section\" data-e-type=\"section\" data-settings=\"{&quot;background_background&quot;:&quot;classic&quot;,&quot;shape_divider_bottom&quot;:&quot;arrow&quot;,&quot;shape_divider_bottom_negative&quot;:&quot;yes&quot;,&quot;stretch_section&quot;:&quot;section-stretched&quot;}\">\n\t\t\t\t\t\t\t<div class=\"elementor-background-overlay\"><\/div>\n\t\t\t\t\t\t<div class=\"elementor-shape elementor-shape-bottom\" aria-hidden=\"true\" data-negative=\"true\">\n\t\t\t<svg xmlns=\"http:\/\/www.w3.org\/2000\/svg\" viewBox=\"0 0 700 10\" preserveAspectRatio=\"none\">\n\t<path class=\"elementor-shape-fill\" d=\"M360 0L350 9.9 340 0 0 0 0 10 700 10 700 0\"\/>\n<\/svg>\t\t<\/div>\n\t\t\t\t\t<div class=\"elementor-container elementor-column-gap-default\">\n\t\t\t\t\t<div class=\"elementor-column elementor-col-100 elementor-top-column elementor-element elementor-element-ca619f1\" data-id=\"ca619f1\" data-element_type=\"column\" data-e-type=\"column\">\n\t\t\t<div class=\"elementor-widget-wrap\">\n\t\t\t\t\t\t\t<\/div>\n\t\t<\/div>\n\t\t\t\t\t<\/div>\n\t\t<\/section>\n\t\t\t\t<section class=\"elementor-section elementor-top-section elementor-element elementor-element-6d5f016c elementor-section-content-middle elementor-section-stretched elementor-section-boxed elementor-section-height-default elementor-section-height-default\" data-id=\"6d5f016c\" data-element_type=\"section\" data-e-type=\"section\" data-settings=\"{&quot;background_background&quot;:&quot;classic&quot;,&quot;stretch_section&quot;:&quot;section-stretched&quot;}\">\n\t\t\t\t\t\t<div class=\"elementor-container elementor-column-gap-default\">\n\t\t\t\t\t<div class=\"elementor-column elementor-col-50 elementor-top-column elementor-element elementor-element-1eb0d717\" data-id=\"1eb0d717\" data-element_type=\"column\" data-e-type=\"column\">\n\t\t\t<div class=\"elementor-widget-wrap elementor-element-populated\">\n\t\t\t\t\t\t<div class=\"elementor-element elementor-element-da46692 elementor-widget elementor-widget-heading\" data-id=\"da46692\" data-element_type=\"widget\" data-e-type=\"widget\" data-widget_type=\"heading.default\">\n\t\t\t\t<div class=\"elementor-widget-container\">\n\t\t\t\t\t<h1 class=\"elementor-heading-title elementor-size-default\">Catering Bell Rec\u00f3<\/h1>\t\t\t\t<\/div>\n\t\t\t\t<\/div>\n\t\t\t\t\t<\/div>\n\t\t<\/div>\n\t\t\t\t<div class=\"elementor-column elementor-col-50 elementor-top-column elementor-element elementor-element-5e983a5a\" data-id=\"5e983a5a\" data-element_type=\"column\" data-e-type=\"column\">\n\t\t\t<div class=\"elementor-widget-wrap elementor-element-populated\">\n\t\t\t\t\t\t<div class=\"elementor-element elementor-element-7eacbaa1 elementor-align-right elementor-mobile-align-center elementor-widget elementor-widget-button\" data-id=\"7eacbaa1\" data-element_type=\"widget\" data-e-type=\"widget\" data-widget_type=\"button.default\">\n\t\t\t\t<div class=\"elementor-widget-container\">\n\t\t\t\t\t\t\t\t\t<div class=\"elementor-button-wrapper\">\n\t\t\t\t\t<a class=\"elementor-button elementor-button-link elementor-size-lg\" href=\"https:\/\/www.gaucatering.com\/contacto\/\">\n\t\t\t\t\t\t<span class=\"elementor-button-content-wrapper\">\n\t\t\t\t\t\t<span class=\"elementor-button-icon\">\n\t\t\t\t<i aria-hidden=\"true\" class=\"fas fa-angle-double-right\"><\/i>\t\t\t<\/span>\n\t\t\t\t\t\t\t\t\t<span class=\"elementor-button-text\">Reservar mi fecha<\/span>\n\t\t\t\t\t<\/span>\n\t\t\t\t\t<\/a>\n\t\t\t\t<\/div>\n\t\t\t\t\t\t\t\t<\/div>\n\t\t\t\t<\/div>\n\t\t\t\t\t<\/div>\n\t\t<\/div>\n\t\t\t\t\t<\/div>\n\t\t<\/section>\n\t\t\t\t<section class=\"elementor-section elementor-top-section elementor-element elementor-element-5139313b elementor-section-stretched elementor-section-boxed elementor-section-height-default elementor-section-height-default\" data-id=\"5139313b\" data-element_type=\"section\" data-e-type=\"section\" data-settings=\"{&quot;stretch_section&quot;:&quot;section-stretched&quot;,&quot;background_background&quot;:&quot;classic&quot;}\">\n\t\t\t\t\t\t<div class=\"elementor-container elementor-column-gap-default\">\n\t\t\t\t\t<div class=\"elementor-column elementor-col-100 elementor-top-column elementor-element elementor-element-2064bd8f\" data-id=\"2064bd8f\" data-element_type=\"column\" data-e-type=\"column\">\n\t\t\t<div class=\"elementor-widget-wrap elementor-element-populated\">\n\t\t\t\t\t\t<div class=\"elementor-element elementor-element-122bf251 elementor-widget elementor-widget-text-editor\" data-id=\"122bf251\" data-element_type=\"widget\" data-e-type=\"widget\" data-widget_type=\"text-editor.default\">\n\t\t\t\t<div class=\"elementor-widget-container\">\n\t\t\t\t\t\t\t\t\t<p><span style=\"font-weight: 400;\"><strong>Bell Rec\u00f3<\/strong> is an exclusive estate located in the Maresme region, near <\/span><span style=\"font-weight: 400;\">Argentona<\/span><span style=\"font-weight: 400;\">, filled with historic corners and unique artistic value. Surrounded by Mediterranean vegetation all year round, it offers multiple spaces for hosting celebrations.<\/span><\/p><p><span style=\"font-weight: 400;\">We love the idea of holding the aperitif in the <\/span>Los Eucaliptos<span style=\"font-weight: 400;\"> garden or on the terrace with stunning views of the Maresme landscape. As for the banquet, we can&#8217;t help but recommend its <\/span>impressive halls<span style=\"font-weight: 400;\">, perfect for elegant celebrations just half an hour from Barcelona.<\/span><\/p>\t\t\t\t\t\t\t\t<\/div>\n\t\t\t\t<\/div>\n\t\t\t\t\t<\/div>\n\t\t<\/div>\n\t\t\t\t\t<\/div>\n\t\t<\/section>\n\t\t\t\t<section class=\"elementor-section elementor-top-section elementor-element elementor-element-4965ef0b elementor-section-boxed elementor-section-height-default elementor-section-height-default\" data-id=\"4965ef0b\" data-element_type=\"section\" data-e-type=\"section\" data-settings=\"{&quot;background_background&quot;:&quot;classic&quot;}\">\n\t\t\t\t\t\t<div class=\"elementor-container elementor-column-gap-default\">\n\t\t\t\t\t<div class=\"elementor-column elementor-col-50 elementor-top-column elementor-element elementor-element-16b2d2b8 elementor-hidden-phone\" data-id=\"16b2d2b8\" data-element_type=\"column\" data-e-type=\"column\">\n\t\t\t<div class=\"elementor-widget-wrap elementor-element-populated\">\n\t\t\t\t\t\t<div class=\"elementor-element elementor-element-6ee694c5 elementor-widget elementor-widget-image\" data-id=\"6ee694c5\" data-element_type=\"widget\" data-e-type=\"widget\" data-widget_type=\"image.default\">\n\t\t\t\t<div class=\"elementor-widget-container\">\n\t\t\t\t\t\t\t\t\t\t\t\t\t\t\t<img fetchpriority=\"high\" decoding=\"async\" width=\"768\" height=\"1161\" src=\"https:\/\/www.gaucatering.com\/wp-content\/uploads\/2019\/10\/home-v2-3-768x1161.jpg\" class=\"attachment-medium_large size-medium_large wp-image-356\" alt=\"\" srcset=\"https:\/\/www.gaucatering.com\/wp-content\/uploads\/2019\/10\/home-v2-3-768x1161.jpg 768w, https:\/\/www.gaucatering.com\/wp-content\/uploads\/2019\/10\/home-v2-3.jpg 529w\" sizes=\"(max-width: 768px) 100vw, 768px\" \/>\t\t\t\t\t\t\t\t\t\t\t\t\t\t\t<\/div>\n\t\t\t\t<\/div>\n\t\t\t\t\t<\/div>\n\t\t<\/div>\n\t\t\t\t<div class=\"elementor-column elementor-col-50 elementor-top-column elementor-element elementor-element-255be08b\" data-id=\"255be08b\" data-element_type=\"column\" data-e-type=\"column\" data-settings=\"{&quot;background_background&quot;:&quot;classic&quot;}\">\n\t\t\t<div class=\"elementor-widget-wrap elementor-element-populated\">\n\t\t\t\t\t\t<div class=\"elementor-element elementor-element-7632ec14 elementor-widget elementor-widget-heading\" data-id=\"7632ec14\" data-element_type=\"widget\" data-e-type=\"widget\" data-widget_type=\"heading.default\">\n\t\t\t\t<div class=\"elementor-widget-container\">\n\t\t\t\t\t<h3 class=\"elementor-heading-title elementor-size-default\">\u00bfNos ponemos manos a la obra?<\/h3>\t\t\t\t<\/div>\n\t\t\t\t<\/div>\n\t\t\t\t<div class=\"elementor-element elementor-element-4a32a892 elementor-button-align-stretch elementor-widget elementor-widget-form\" data-id=\"4a32a892\" data-element_type=\"widget\" data-e-type=\"widget\" data-settings=\"{&quot;button_width&quot;:&quot;40&quot;,&quot;step_next_label&quot;:&quot;Next&quot;,&quot;step_previous_label&quot;:&quot;Previous&quot;,&quot;step_type&quot;:&quot;number_text&quot;,&quot;step_icon_shape&quot;:&quot;circle&quot;}\" data-widget_type=\"form.default\">\n\t\t\t\t<div class=\"elementor-widget-container\">\n\t\t\t\t\t\t\t<form class=\"elementor-form\" method=\"post\" name=\"Nuevo Formulario\" aria-label=\"Nuevo Formulario\">\n\t\t\t<input type=\"hidden\" name=\"post_id\" value=\"48037\"\/>\n\t\t\t<input type=\"hidden\" name=\"form_id\" value=\"4a32a892\"\/>\n\t\t\t<input type=\"hidden\" name=\"referer_title\" value=\"Catering Bell Rec\u00f3\" \/>\n\n\t\t\t\t\t\t\t<input type=\"hidden\" name=\"queried_id\" value=\"48037\"\/>\n\t\t\t\n\t\t\t<div class=\"elementor-form-fields-wrapper elementor-labels-above\">\n\t\t\t\t\t\t\t\t<div class=\"elementor-field-type-select elementor-field-group elementor-column elementor-field-group-field_1 elementor-col-60 elementor-field-required\">\n\t\t\t\t\t\t\t\t\t\t\t\t<label for=\"form-field-field_1\" class=\"elementor-field-label\">\n\t\t\t\t\t\t\t\t\u00bfDe qu\u00e9 evento se trata?\t\t\t\t\t\t\t<\/label>\n\t\t\t\t\t\t\t\t<div class=\"elementor-field elementor-select-wrapper remove-before \">\n\t\t\t<div class=\"select-caret-down-wrapper\">\n\t\t\t\t<i aria-hidden=\"true\" class=\"eicon-caret-down\"><\/i>\t\t\t<\/div>\n\t\t\t<select name=\"form_fields[field_1]\" id=\"form-field-field_1\" class=\"elementor-field-textual elementor-size-sm\" required=\"required\">\n\t\t\t\t\t\t\t\t\t<option value=\"Empresa\">Empresa<\/option>\n\t\t\t\t\t\t\t\t\t<option value=\"Boda\">Boda<\/option>\n\t\t\t\t\t\t\t\t\t<option value=\"Celebraci\u00f3n\">Celebraci\u00f3n<\/option>\n\t\t\t\t\t\t\t<\/select>\n\t\t<\/div>\n\t\t\t\t\t\t<\/div>\n\t\t\t\t\t\t\t\t<div class=\"elementor-field-type-text elementor-field-group elementor-column elementor-field-group-field_2 elementor-col-50 elementor-field-required\">\n\t\t\t\t\t\t\t\t\t\t\t\t<label for=\"form-field-field_2\" class=\"elementor-field-label\">\n\t\t\t\t\t\t\t\tNombre\t\t\t\t\t\t\t<\/label>\n\t\t\t\t\t\t\t\t\t\t\t\t\t\t<input size=\"1\" type=\"text\" name=\"form_fields[field_2]\" id=\"form-field-field_2\" class=\"elementor-field elementor-size-sm  elementor-field-textual\" required=\"required\">\n\t\t\t\t\t\t\t\t\t\t\t<\/div>\n\t\t\t\t\t\t\t\t<div class=\"elementor-field-type-text elementor-field-group elementor-column elementor-field-group-field_3 elementor-col-50 elementor-field-required\">\n\t\t\t\t\t\t\t\t\t\t\t\t<label for=\"form-field-field_3\" class=\"elementor-field-label\">\n\t\t\t\t\t\t\t\tApellidos\t\t\t\t\t\t\t<\/label>\n\t\t\t\t\t\t\t\t\t\t\t\t\t\t<input size=\"1\" type=\"text\" name=\"form_fields[field_3]\" id=\"form-field-field_3\" class=\"elementor-field elementor-size-sm  elementor-field-textual\" required=\"required\">\n\t\t\t\t\t\t\t\t\t\t\t<\/div>\n\t\t\t\t\t\t\t\t<div class=\"elementor-field-type-text elementor-field-group elementor-column elementor-field-group-field_4 elementor-col-50 elementor-field-required\">\n\t\t\t\t\t\t\t\t\t\t\t\t<label for=\"form-field-field_4\" class=\"elementor-field-label\">\n\t\t\t\t\t\t\t\tTel\u00e9fono\t\t\t\t\t\t\t<\/label>\n\t\t\t\t\t\t\t\t\t\t\t\t\t\t<input size=\"1\" type=\"text\" name=\"form_fields[field_4]\" id=\"form-field-field_4\" class=\"elementor-field elementor-size-sm  elementor-field-textual\" required=\"required\">\n\t\t\t\t\t\t\t\t\t\t\t<\/div>\n\t\t\t\t\t\t\t\t<div class=\"elementor-field-type-email elementor-field-group elementor-column elementor-field-group-email elementor-col-50 elementor-field-required\">\n\t\t\t\t\t\t\t\t\t\t\t\t<label for=\"form-field-email\" class=\"elementor-field-label\">\n\t\t\t\t\t\t\t\tE-mail\t\t\t\t\t\t\t<\/label>\n\t\t\t\t\t\t\t\t\t\t\t\t\t\t<input size=\"1\" type=\"email\" name=\"form_fields[email]\" id=\"form-field-email\" class=\"elementor-field elementor-size-sm  elementor-field-textual\" required=\"required\">\n\t\t\t\t\t\t\t\t\t\t\t<\/div>\n\t\t\t\t\t\t\t\t<div class=\"elementor-field-type-text elementor-field-group elementor-column elementor-field-group-field_8 elementor-col-50 elementor-field-required\">\n\t\t\t\t\t\t\t\t\t\t\t\t<label for=\"form-field-field_8\" class=\"elementor-field-label\">\n\t\t\t\t\t\t\t\t\u00bfCu\u00e1ndo?\t\t\t\t\t\t\t<\/label>\n\t\t\t\t\t\t\t\t\t\t\t\t\t\t<input size=\"1\" type=\"text\" name=\"form_fields[field_8]\" id=\"form-field-field_8\" class=\"elementor-field elementor-size-sm  elementor-field-textual\" required=\"required\">\n\t\t\t\t\t\t\t\t\t\t\t<\/div>\n\t\t\t\t\t\t\t\t<div class=\"elementor-field-type-text elementor-field-group elementor-column elementor-field-group-field_5 elementor-col-50 elementor-field-required\">\n\t\t\t\t\t\t\t\t\t\t\t\t<label for=\"form-field-field_5\" class=\"elementor-field-label\">\n\t\t\t\t\t\t\t\t\u00bfCu\u00e1ntas personas ser\u00e9is?\t\t\t\t\t\t\t<\/label>\n\t\t\t\t\t\t\t\t\t\t\t\t\t\t<input size=\"1\" type=\"text\" name=\"form_fields[field_5]\" id=\"form-field-field_5\" class=\"elementor-field elementor-size-sm  elementor-field-textual\" required=\"required\">\n\t\t\t\t\t\t\t\t\t\t\t<\/div>\n\t\t\t\t\t\t\t\t<div class=\"elementor-field-type-text elementor-field-group elementor-column elementor-field-group-name elementor-col-100 elementor-field-required\">\n\t\t\t\t\t\t\t\t\t\t\t\t<label for=\"form-field-name\" class=\"elementor-field-label\">\n\t\t\t\t\t\t\t\t\u00bfD\u00f3nde?\t\t\t\t\t\t\t<\/label>\n\t\t\t\t\t\t\t\t\t\t\t\t\t\t<input size=\"1\" type=\"text\" name=\"form_fields[name]\" id=\"form-field-name\" class=\"elementor-field elementor-size-sm  elementor-field-textual\" required=\"required\">\n\t\t\t\t\t\t\t\t\t\t\t<\/div>\n\t\t\t\t\t\t\t\t<div class=\"elementor-field-type-textarea elementor-field-group elementor-column elementor-field-group-field_6 elementor-col-100 elementor-field-required\">\n\t\t\t\t\t\t\t\t\t\t\t\t<label for=\"form-field-field_6\" class=\"elementor-field-label\">\n\t\t\t\t\t\t\t\tMensaje\t\t\t\t\t\t\t<\/label>\n\t\t\t\t\t\t<textarea class=\"elementor-field-textual elementor-field  elementor-size-sm\" name=\"form_fields[field_6]\" id=\"form-field-field_6\" rows=\"4\" required=\"required\"><\/textarea>\t\t\t\t<\/div>\n\t\t\t\t\t\t\t\t<div class=\"elementor-field-type-acceptance elementor-field-group elementor-column elementor-field-group-field_7 elementor-col-60 elementor-field-required\">\n\t\t\t\t\t\t\t<div class=\"elementor-field-subgroup\">\n\t\t\t<span class=\"elementor-field-option\">\n\t\t\t\t<input type=\"checkbox\" name=\"form_fields[field_7]\" id=\"form-field-field_7\" class=\"elementor-field elementor-size-sm  elementor-acceptance-field\" required=\"required\">\n\t\t\t\t<label for=\"form-field-field_7\">He le\u00eddo y acepto vuestra <a href=\"https:\/\/www.gaucatering.com\/politica-privacidad-redes-sociales\/\" target=\"_blank\">pol\u00edtica de privacidad<\/a>.<\/label>\t\t\t<\/span>\n\t\t<\/div>\n\t\t\t\t\t\t<\/div>\n\t\t\t\t\t\t\t\t<div class=\"elementor-field-group elementor-column elementor-field-type-submit elementor-col-40 e-form__buttons\">\n\t\t\t\t\t<button class=\"elementor-button elementor-size-sm\" type=\"submit\">\n\t\t\t\t\t\t<span class=\"elementor-button-content-wrapper\">\n\t\t\t\t\t\t\t\t\t\t\t\t\t\t\t\t\t\t\t\t\t\t<span class=\"elementor-button-text\">Enviar<\/span>\n\t\t\t\t\t\t\t\t\t\t\t\t\t<\/span>\n\t\t\t\t\t<\/button>\n\t\t\t\t<\/div>\n\t\t\t<\/div>\n\t\t<\/form>\n\t\t\t\t\t\t<\/div>\n\t\t\t\t<\/div>\n\t\t\t\t\t<\/div>\n\t\t<\/div>\n\t\t\t\t\t<\/div>\n\t\t<\/section>\n\t\t\t\t<\/div>\n\t\t","protected":false},"excerpt":{"rendered":"<p>Catering Bell Rec\u00f3 Reservar mi fecha Bell Rec\u00f3 is an exclusive estate located in the Maresme region, near Argentona, filled with historic corners and unique artistic value. Surrounded by Mediterranean vegetation all year round, it offers multiple spaces for hosting celebrations. We love the idea of holding the aperitif in the Los Eucaliptos garden or [&hellip;]<\/p>\n","protected":false},"author":1,"featured_media":0,"parent":0,"menu_order":0,"comment_status":"closed","ping_status":"closed","template":"elementor_header_footer","meta":{"footnotes":""},"class_list":["post-48037","page","type-page","status-publish","hentry"],"yoast_head":"<!-- This site is optimized with the Yoast SEO plugin v27.4 - https:\/\/yoast.com\/product\/yoast-seo-wordpress\/ -->\n<title>Catering Bell Rec\u00f3<\/title>\n<meta name=\"robots\" content=\"index, follow, max-snippet:-1, max-image-preview:large, max-video-preview:-1\" \/>\n<link rel=\"canonical\" href=\"https:\/\/www.gaucatering.com\/en\/catering-bell-reco\/\" \/>\n<meta property=\"og:locale\" content=\"en_US\" \/>\n<meta property=\"og:type\" content=\"article\" \/>\n<meta property=\"og:title\" content=\"Catering Bell Rec\u00f3\" \/>\n<meta property=\"og:description\" content=\"Catering Bell Rec\u00f3 Reservar mi fecha Bell Rec\u00f3 is an exclusive estate located in the Maresme region, near Argentona, filled with historic corners and unique artistic value. Surrounded by Mediterranean vegetation all year round, it offers multiple spaces for hosting celebrations. We love the idea of holding the aperitif in the Los Eucaliptos garden or [&hellip;]\" \/>\n<meta property=\"og:url\" content=\"https:\/\/www.gaucatering.com\/en\/catering-bell-reco\/\" \/>\n<meta property=\"og:site_name\" content=\"Catering sostenible de calidad en Barcelona\" \/>\n<meta property=\"article:publisher\" content=\"https:\/\/www.facebook.com\/GAU-Catering-44876256866\/\" \/>\n<meta property=\"article:modified_time\" content=\"2025-05-20T07:22:38+00:00\" \/>\n<meta property=\"og:image\" content=\"https:\/\/www.gaucatering.com\/wp-content\/uploads\/2019\/10\/home-v2-3.jpg\" \/>\n\t<meta property=\"og:image:width\" content=\"529\" \/>\n\t<meta property=\"og:image:height\" content=\"800\" \/>\n\t<meta property=\"og:image:type\" content=\"image\/jpeg\" \/>\n<meta name=\"twitter:card\" content=\"summary_large_image\" \/>\n<meta name=\"twitter:site\" content=\"@GAUCatering\" \/>\n<meta name=\"twitter:label1\" content=\"Est. reading time\" \/>\n\t<meta name=\"twitter:data1\" content=\"1 minute\" \/>\n<script type=\"application\/ld+json\" class=\"yoast-schema-graph\">{\"@context\":\"https:\\\/\\\/schema.org\",\"@graph\":[{\"@type\":\"WebPage\",\"@id\":\"https:\\\/\\\/www.gaucatering.com\\\/en\\\/catering-bell-reco\\\/\",\"url\":\"https:\\\/\\\/www.gaucatering.com\\\/en\\\/catering-bell-reco\\\/\",\"name\":\"Catering Bell Rec\u00f3\",\"isPartOf\":{\"@id\":\"https:\\\/\\\/www.gaucatering.com\\\/#website\"},\"primaryImageOfPage\":{\"@id\":\"https:\\\/\\\/www.gaucatering.com\\\/en\\\/catering-bell-reco\\\/#primaryimage\"},\"image\":{\"@id\":\"https:\\\/\\\/www.gaucatering.com\\\/en\\\/catering-bell-reco\\\/#primaryimage\"},\"thumbnailUrl\":\"https:\\\/\\\/www.gaucatering.com\\\/wp-content\\\/uploads\\\/2019\\\/10\\\/home-v2-3-768x1161.jpg\",\"datePublished\":\"2025-05-20T07:21:06+00:00\",\"dateModified\":\"2025-05-20T07:22:38+00:00\",\"breadcrumb\":{\"@id\":\"https:\\\/\\\/www.gaucatering.com\\\/en\\\/catering-bell-reco\\\/#breadcrumb\"},\"inLanguage\":\"en-US\",\"potentialAction\":[{\"@type\":\"ReadAction\",\"target\":[\"https:\\\/\\\/www.gaucatering.com\\\/en\\\/catering-bell-reco\\\/\"]}]},{\"@type\":\"ImageObject\",\"inLanguage\":\"en-US\",\"@id\":\"https:\\\/\\\/www.gaucatering.com\\\/en\\\/catering-bell-reco\\\/#primaryimage\",\"url\":\"https:\\\/\\\/www.gaucatering.com\\\/wp-content\\\/uploads\\\/2019\\\/10\\\/home-v2-3-768x1161.jpg\",\"contentUrl\":\"https:\\\/\\\/www.gaucatering.com\\\/wp-content\\\/uploads\\\/2019\\\/10\\\/home-v2-3-768x1161.jpg\"},{\"@type\":\"BreadcrumbList\",\"@id\":\"https:\\\/\\\/www.gaucatering.com\\\/en\\\/catering-bell-reco\\\/#breadcrumb\",\"itemListElement\":[{\"@type\":\"ListItem\",\"position\":1,\"name\":\"Portada\",\"item\":\"https:\\\/\\\/www.gaucatering.com\\\/en\\\/\"},{\"@type\":\"ListItem\",\"position\":2,\"name\":\"Catering Bell Rec\u00f3\"}]},{\"@type\":\"WebSite\",\"@id\":\"https:\\\/\\\/www.gaucatering.com\\\/#website\",\"url\":\"https:\\\/\\\/www.gaucatering.com\\\/\",\"name\":\"Catering sostenible de calidad en Barcelona\",\"description\":\"Creemos en el poder de la gastronom\u00eda para crear recuerdos. Pasi\u00f3n, trabajo bien hecho y compromiso medioambiental y social. Catering para bodas y empresas \u260e\ufe0f\",\"publisher\":{\"@id\":\"https:\\\/\\\/www.gaucatering.com\\\/#organization\"},\"potentialAction\":[{\"@type\":\"SearchAction\",\"target\":{\"@type\":\"EntryPoint\",\"urlTemplate\":\"https:\\\/\\\/www.gaucatering.com\\\/?s={search_term_string}\"},\"query-input\":{\"@type\":\"PropertyValueSpecification\",\"valueRequired\":true,\"valueName\":\"search_term_string\"}}],\"inLanguage\":\"en-US\"},{\"@type\":\"Organization\",\"@id\":\"https:\\\/\\\/www.gaucatering.com\\\/#organization\",\"name\":\"GAU CATERING\",\"url\":\"https:\\\/\\\/www.gaucatering.com\\\/\",\"logo\":{\"@type\":\"ImageObject\",\"inLanguage\":\"en-US\",\"@id\":\"https:\\\/\\\/www.gaucatering.com\\\/#\\\/schema\\\/logo\\\/image\\\/\",\"url\":\"https:\\\/\\\/www.gaucatering.com\\\/wp-content\\\/uploads\\\/2019\\\/11\\\/logo-gau-v2.png\",\"contentUrl\":\"https:\\\/\\\/www.gaucatering.com\\\/wp-content\\\/uploads\\\/2019\\\/11\\\/logo-gau-v2.png\",\"width\":100,\"height\":60,\"caption\":\"GAU CATERING\"},\"image\":{\"@id\":\"https:\\\/\\\/www.gaucatering.com\\\/#\\\/schema\\\/logo\\\/image\\\/\"},\"sameAs\":[\"https:\\\/\\\/www.facebook.com\\\/GAU-Catering-44876256866\\\/\",\"https:\\\/\\\/x.com\\\/GAUCatering\",\"https:\\\/\\\/www.instagram.com\\\/gaucatering\\\/\",\"https:\\\/\\\/www.linkedin.com\\\/company\\\/gau-catering\\\/\"]}]}<\/script>\n<!-- \/ Yoast SEO plugin. -->","yoast_head_json":{"title":"Catering Bell Rec\u00f3","robots":{"index":"index","follow":"follow","max-snippet":"max-snippet:-1","max-image-preview":"max-image-preview:large","max-video-preview":"max-video-preview:-1"},"canonical":"https:\/\/www.gaucatering.com\/en\/catering-bell-reco\/","og_locale":"en_US","og_type":"article","og_title":"Catering Bell Rec\u00f3","og_description":"Catering Bell Rec\u00f3 Reservar mi fecha Bell Rec\u00f3 is an exclusive estate located in the Maresme region, near Argentona, filled with historic corners and unique artistic value. Surrounded by Mediterranean vegetation all year round, it offers multiple spaces for hosting celebrations. We love the idea of holding the aperitif in the Los Eucaliptos garden or [&hellip;]","og_url":"https:\/\/www.gaucatering.com\/en\/catering-bell-reco\/","og_site_name":"Catering sostenible de calidad en Barcelona","article_publisher":"https:\/\/www.facebook.com\/GAU-Catering-44876256866\/","article_modified_time":"2025-05-20T07:22:38+00:00","og_image":[{"width":529,"height":800,"url":"https:\/\/www.gaucatering.com\/wp-content\/uploads\/2019\/10\/home-v2-3.jpg","type":"image\/jpeg"}],"twitter_card":"summary_large_image","twitter_site":"@GAUCatering","twitter_misc":{"Est. reading time":"1 minute"},"schema":{"@context":"https:\/\/schema.org","@graph":[{"@type":"WebPage","@id":"https:\/\/www.gaucatering.com\/en\/catering-bell-reco\/","url":"https:\/\/www.gaucatering.com\/en\/catering-bell-reco\/","name":"Catering Bell Rec\u00f3","isPartOf":{"@id":"https:\/\/www.gaucatering.com\/#website"},"primaryImageOfPage":{"@id":"https:\/\/www.gaucatering.com\/en\/catering-bell-reco\/#primaryimage"},"image":{"@id":"https:\/\/www.gaucatering.com\/en\/catering-bell-reco\/#primaryimage"},"thumbnailUrl":"https:\/\/www.gaucatering.com\/wp-content\/uploads\/2019\/10\/home-v2-3-768x1161.jpg","datePublished":"2025-05-20T07:21:06+00:00","dateModified":"2025-05-20T07:22:38+00:00","breadcrumb":{"@id":"https:\/\/www.gaucatering.com\/en\/catering-bell-reco\/#breadcrumb"},"inLanguage":"en-US","potentialAction":[{"@type":"ReadAction","target":["https:\/\/www.gaucatering.com\/en\/catering-bell-reco\/"]}]},{"@type":"ImageObject","inLanguage":"en-US","@id":"https:\/\/www.gaucatering.com\/en\/catering-bell-reco\/#primaryimage","url":"https:\/\/www.gaucatering.com\/wp-content\/uploads\/2019\/10\/home-v2-3-768x1161.jpg","contentUrl":"https:\/\/www.gaucatering.com\/wp-content\/uploads\/2019\/10\/home-v2-3-768x1161.jpg"},{"@type":"BreadcrumbList","@id":"https:\/\/www.gaucatering.com\/en\/catering-bell-reco\/#breadcrumb","itemListElement":[{"@type":"ListItem","position":1,"name":"Portada","item":"https:\/\/www.gaucatering.com\/en\/"},{"@type":"ListItem","position":2,"name":"Catering Bell Rec\u00f3"}]},{"@type":"WebSite","@id":"https:\/\/www.gaucatering.com\/#website","url":"https:\/\/www.gaucatering.com\/","name":"Catering sostenible de calidad en Barcelona","description":"Creemos en el poder de la gastronom\u00eda para crear recuerdos. Pasi\u00f3n, trabajo bien hecho y compromiso medioambiental y social. Catering para bodas y empresas \u260e\ufe0f","publisher":{"@id":"https:\/\/www.gaucatering.com\/#organization"},"potentialAction":[{"@type":"SearchAction","target":{"@type":"EntryPoint","urlTemplate":"https:\/\/www.gaucatering.com\/?s={search_term_string}"},"query-input":{"@type":"PropertyValueSpecification","valueRequired":true,"valueName":"search_term_string"}}],"inLanguage":"en-US"},{"@type":"Organization","@id":"https:\/\/www.gaucatering.com\/#organization","name":"GAU CATERING","url":"https:\/\/www.gaucatering.com\/","logo":{"@type":"ImageObject","inLanguage":"en-US","@id":"https:\/\/www.gaucatering.com\/#\/schema\/logo\/image\/","url":"https:\/\/www.gaucatering.com\/wp-content\/uploads\/2019\/11\/logo-gau-v2.png","contentUrl":"https:\/\/www.gaucatering.com\/wp-content\/uploads\/2019\/11\/logo-gau-v2.png","width":100,"height":60,"caption":"GAU CATERING"},"image":{"@id":"https:\/\/www.gaucatering.com\/#\/schema\/logo\/image\/"},"sameAs":["https:\/\/www.facebook.com\/GAU-Catering-44876256866\/","https:\/\/x.com\/GAUCatering","https:\/\/www.instagram.com\/gaucatering\/","https:\/\/www.linkedin.com\/company\/gau-catering\/"]}]}},"_links":{"self":[{"href":"https:\/\/www.gaucatering.com\/en\/wp-json\/wp\/v2\/pages\/48037","targetHints":{"allow":["GET"]}}],"collection":[{"href":"https:\/\/www.gaucatering.com\/en\/wp-json\/wp\/v2\/pages"}],"about":[{"href":"https:\/\/www.gaucatering.com\/en\/wp-json\/wp\/v2\/types\/page"}],"author":[{"embeddable":true,"href":"https:\/\/www.gaucatering.com\/en\/wp-json\/wp\/v2\/users\/1"}],"replies":[{"embeddable":true,"href":"https:\/\/www.gaucatering.com\/en\/wp-json\/wp\/v2\/comments?post=48037"}],"version-history":[{"count":7,"href":"https:\/\/www.gaucatering.com\/en\/wp-json\/wp\/v2\/pages\/48037\/revisions"}],"predecessor-version":[{"id":48044,"href":"https:\/\/www.gaucatering.com\/en\/wp-json\/wp\/v2\/pages\/48037\/revisions\/48044"}],"wp:attachment":[{"href":"https:\/\/www.gaucatering.com\/en\/wp-json\/wp\/v2\/media?parent=48037"}],"curies":[{"name":"wp","href":"https:\/\/api.w.org\/{rel}","templated":true}]}}