{"id":48443,"date":"2025-05-20T12:02:48","date_gmt":"2025-05-20T10:02:48","guid":{"rendered":"https:\/\/www.gaucatering.com\/?page_id=48443"},"modified":"2025-05-20T12:04:17","modified_gmt":"2025-05-20T10:04:17","slug":"catering-masia-rosas","status":"publish","type":"page","link":"https:\/\/www.gaucatering.com\/en\/catering-masia-rosas\/","title":{"rendered":"Catering Masia Rosa\u0300s"},"content":{"rendered":"\t\t<div data-elementor-type=\"wp-page\" data-elementor-id=\"48443\" class=\"elementor elementor-48443\" data-elementor-post-type=\"page\">\n\t\t\t\t\t\t<section class=\"elementor-section elementor-top-section elementor-element elementor-element-747a6fd elementor-section-height-min-height elementor-section-stretched elementor-section-boxed elementor-section-height-default elementor-section-items-middle\" data-id=\"747a6fd\" data-element_type=\"section\" data-e-type=\"section\" data-settings=\"{&quot;background_background&quot;:&quot;classic&quot;,&quot;shape_divider_bottom&quot;:&quot;arrow&quot;,&quot;shape_divider_bottom_negative&quot;:&quot;yes&quot;,&quot;stretch_section&quot;:&quot;section-stretched&quot;}\">\n\t\t\t\t\t\t\t<div class=\"elementor-background-overlay\"><\/div>\n\t\t\t\t\t\t<div class=\"elementor-shape elementor-shape-bottom\" aria-hidden=\"true\" data-negative=\"true\">\n\t\t\t<svg xmlns=\"http:\/\/www.w3.org\/2000\/svg\" viewBox=\"0 0 700 10\" preserveAspectRatio=\"none\">\n\t<path class=\"elementor-shape-fill\" d=\"M360 0L350 9.9 340 0 0 0 0 10 700 10 700 0\"\/>\n<\/svg>\t\t<\/div>\n\t\t\t\t\t<div class=\"elementor-container elementor-column-gap-default\">\n\t\t\t\t\t<div class=\"elementor-column elementor-col-100 elementor-top-column elementor-element elementor-element-28856ffe\" data-id=\"28856ffe\" data-element_type=\"column\" data-e-type=\"column\">\n\t\t\t<div class=\"elementor-widget-wrap\">\n\t\t\t\t\t\t\t<\/div>\n\t\t<\/div>\n\t\t\t\t\t<\/div>\n\t\t<\/section>\n\t\t\t\t<section class=\"elementor-section elementor-top-section elementor-element elementor-element-6025b90b elementor-section-content-middle elementor-section-stretched elementor-section-boxed elementor-section-height-default elementor-section-height-default\" data-id=\"6025b90b\" data-element_type=\"section\" data-e-type=\"section\" data-settings=\"{&quot;background_background&quot;:&quot;classic&quot;,&quot;stretch_section&quot;:&quot;section-stretched&quot;}\">\n\t\t\t\t\t\t<div class=\"elementor-container elementor-column-gap-default\">\n\t\t\t\t\t<div class=\"elementor-column elementor-col-50 elementor-top-column elementor-element elementor-element-60dce653\" data-id=\"60dce653\" data-element_type=\"column\" data-e-type=\"column\">\n\t\t\t<div class=\"elementor-widget-wrap elementor-element-populated\">\n\t\t\t\t\t\t<div class=\"elementor-element elementor-element-6b97aa26 elementor-widget elementor-widget-heading\" data-id=\"6b97aa26\" data-element_type=\"widget\" data-e-type=\"widget\" data-widget_type=\"heading.default\">\n\t\t\t\t<div class=\"elementor-widget-container\">\n\t\t\t\t\t<h1 class=\"elementor-heading-title elementor-size-default\">Catering Masia Ros\u00e0s<\/h1>\t\t\t\t<\/div>\n\t\t\t\t<\/div>\n\t\t\t\t\t<\/div>\n\t\t<\/div>\n\t\t\t\t<div class=\"elementor-column elementor-col-50 elementor-top-column elementor-element elementor-element-5c5b5f4f\" data-id=\"5c5b5f4f\" data-element_type=\"column\" data-e-type=\"column\">\n\t\t\t<div class=\"elementor-widget-wrap elementor-element-populated\">\n\t\t\t\t\t\t<div class=\"elementor-element elementor-element-3bb02d53 elementor-align-right elementor-mobile-align-center elementor-widget elementor-widget-button\" data-id=\"3bb02d53\" data-element_type=\"widget\" data-e-type=\"widget\" data-widget_type=\"button.default\">\n\t\t\t\t<div class=\"elementor-widget-container\">\n\t\t\t\t\t\t\t\t\t<div class=\"elementor-button-wrapper\">\n\t\t\t\t\t<a class=\"elementor-button elementor-button-link elementor-size-lg\" href=\"https:\/\/www.gaucatering.com\/contacto\/\">\n\t\t\t\t\t\t<span class=\"elementor-button-content-wrapper\">\n\t\t\t\t\t\t<span class=\"elementor-button-icon\">\n\t\t\t\t<i aria-hidden=\"true\" class=\"fas fa-angle-double-right\"><\/i>\t\t\t<\/span>\n\t\t\t\t\t\t\t\t\t<span class=\"elementor-button-text\">Reservar mi fecha<\/span>\n\t\t\t\t\t<\/span>\n\t\t\t\t\t<\/a>\n\t\t\t\t<\/div>\n\t\t\t\t\t\t\t\t<\/div>\n\t\t\t\t<\/div>\n\t\t\t\t\t<\/div>\n\t\t<\/div>\n\t\t\t\t\t<\/div>\n\t\t<\/section>\n\t\t\t\t<section class=\"elementor-section elementor-top-section elementor-element elementor-element-5469d3cd elementor-section-stretched elementor-section-boxed elementor-section-height-default elementor-section-height-default\" data-id=\"5469d3cd\" data-element_type=\"section\" data-e-type=\"section\" data-settings=\"{&quot;stretch_section&quot;:&quot;section-stretched&quot;,&quot;background_background&quot;:&quot;classic&quot;}\">\n\t\t\t\t\t\t<div class=\"elementor-container elementor-column-gap-default\">\n\t\t\t\t\t<div class=\"elementor-column elementor-col-100 elementor-top-column elementor-element elementor-element-3c5a31cb\" data-id=\"3c5a31cb\" data-element_type=\"column\" data-e-type=\"column\">\n\t\t\t<div class=\"elementor-widget-wrap elementor-element-populated\">\n\t\t\t\t\t\t<div class=\"elementor-element elementor-element-2f33082d elementor-widget elementor-widget-text-editor\" data-id=\"2f33082d\" data-element_type=\"widget\" data-e-type=\"widget\" data-widget_type=\"text-editor.default\">\n\t\t\t\t<div class=\"elementor-widget-container\">\n\t\t\t\t\t\t\t\t\t<p><span style=\"font-weight: 400;\">Can you imagine dining under the stars? At <\/span><b>Masia Ros\u00e0s<\/b><span style=\"font-weight: 400;\">, a traditional Catalan farmhouse in <strong>Valldoreix, Sant Cugat del Vall\u00e8s,<\/strong> you can do just that. This versatile, historic venue combines spacious, elegant interiors with exquisite outdoor areas.<\/span><\/p><p><span style=\"font-weight: 400;\">We love its fabulous <\/span><i><span style=\"font-weight: 400;\">Era<\/span><\/i><span style=\"font-weight: 400;\">, ideal for summer dinners under the open sky, and the charming English Garden\u2014perfect for enjoying a delicious <a href=\"https:\/\/www.gaucatering.com\/en\/sustainable-catering\/\">catering<\/a> experience.<\/span><\/p>\t\t\t\t\t\t\t\t<\/div>\n\t\t\t\t<\/div>\n\t\t\t\t\t<\/div>\n\t\t<\/div>\n\t\t\t\t\t<\/div>\n\t\t<\/section>\n\t\t\t\t<section class=\"elementor-section elementor-top-section elementor-element elementor-element-6c32e042 elementor-section-boxed elementor-section-height-default elementor-section-height-default\" data-id=\"6c32e042\" data-element_type=\"section\" data-e-type=\"section\" data-settings=\"{&quot;background_background&quot;:&quot;classic&quot;}\">\n\t\t\t\t\t\t<div class=\"elementor-container elementor-column-gap-default\">\n\t\t\t\t\t<div class=\"elementor-column elementor-col-50 elementor-top-column elementor-element elementor-element-65cd6ace elementor-hidden-phone\" data-id=\"65cd6ace\" data-element_type=\"column\" data-e-type=\"column\">\n\t\t\t<div class=\"elementor-widget-wrap elementor-element-populated\">\n\t\t\t\t\t\t<div class=\"elementor-element elementor-element-5e54c7e7 elementor-widget elementor-widget-image\" data-id=\"5e54c7e7\" data-element_type=\"widget\" data-e-type=\"widget\" data-widget_type=\"image.default\">\n\t\t\t\t<div class=\"elementor-widget-container\">\n\t\t\t\t\t\t\t\t\t\t\t\t\t\t\t<img fetchpriority=\"high\" decoding=\"async\" width=\"768\" height=\"1161\" src=\"https:\/\/www.gaucatering.com\/wp-content\/uploads\/2019\/10\/home-v2-3-768x1161.jpg\" class=\"attachment-medium_large size-medium_large wp-image-356\" alt=\"\" srcset=\"https:\/\/www.gaucatering.com\/wp-content\/uploads\/2019\/10\/home-v2-3-768x1161.jpg 768w, https:\/\/www.gaucatering.com\/wp-content\/uploads\/2019\/10\/home-v2-3.jpg 529w\" sizes=\"(max-width: 768px) 100vw, 768px\" \/>\t\t\t\t\t\t\t\t\t\t\t\t\t\t\t<\/div>\n\t\t\t\t<\/div>\n\t\t\t\t\t<\/div>\n\t\t<\/div>\n\t\t\t\t<div class=\"elementor-column elementor-col-50 elementor-top-column elementor-element elementor-element-6f43f307\" data-id=\"6f43f307\" data-element_type=\"column\" data-e-type=\"column\" data-settings=\"{&quot;background_background&quot;:&quot;classic&quot;}\">\n\t\t\t<div class=\"elementor-widget-wrap elementor-element-populated\">\n\t\t\t\t\t\t<div class=\"elementor-element elementor-element-3f4e9aeb elementor-widget elementor-widget-heading\" data-id=\"3f4e9aeb\" data-element_type=\"widget\" data-e-type=\"widget\" data-widget_type=\"heading.default\">\n\t\t\t\t<div class=\"elementor-widget-container\">\n\t\t\t\t\t<h3 class=\"elementor-heading-title elementor-size-default\">\u00bfNos ponemos manos a la obra?<\/h3>\t\t\t\t<\/div>\n\t\t\t\t<\/div>\n\t\t\t\t<div class=\"elementor-element elementor-element-f35c0f0 elementor-button-align-stretch elementor-widget elementor-widget-form\" data-id=\"f35c0f0\" data-element_type=\"widget\" data-e-type=\"widget\" data-settings=\"{&quot;button_width&quot;:&quot;40&quot;,&quot;step_next_label&quot;:&quot;Next&quot;,&quot;step_previous_label&quot;:&quot;Previous&quot;,&quot;step_type&quot;:&quot;number_text&quot;,&quot;step_icon_shape&quot;:&quot;circle&quot;}\" data-widget_type=\"form.default\">\n\t\t\t\t<div class=\"elementor-widget-container\">\n\t\t\t\t\t\t\t<form class=\"elementor-form\" method=\"post\" name=\"Nuevo Formulario\" aria-label=\"Nuevo Formulario\">\n\t\t\t<input type=\"hidden\" name=\"post_id\" value=\"48443\"\/>\n\t\t\t<input type=\"hidden\" name=\"form_id\" value=\"f35c0f0\"\/>\n\t\t\t<input type=\"hidden\" name=\"referer_title\" value=\"Catering Masia Rosa\u0300s\" \/>\n\n\t\t\t\t\t\t\t<input type=\"hidden\" name=\"queried_id\" value=\"48443\"\/>\n\t\t\t\n\t\t\t<div class=\"elementor-form-fields-wrapper elementor-labels-above\">\n\t\t\t\t\t\t\t\t<div class=\"elementor-field-type-select elementor-field-group elementor-column elementor-field-group-field_1 elementor-col-60 elementor-field-required\">\n\t\t\t\t\t\t\t\t\t\t\t\t<label for=\"form-field-field_1\" class=\"elementor-field-label\">\n\t\t\t\t\t\t\t\t\u00bfDe qu\u00e9 evento se trata?\t\t\t\t\t\t\t<\/label>\n\t\t\t\t\t\t\t\t<div class=\"elementor-field elementor-select-wrapper remove-before \">\n\t\t\t<div class=\"select-caret-down-wrapper\">\n\t\t\t\t<i aria-hidden=\"true\" class=\"eicon-caret-down\"><\/i>\t\t\t<\/div>\n\t\t\t<select name=\"form_fields[field_1]\" id=\"form-field-field_1\" class=\"elementor-field-textual elementor-size-sm\" required=\"required\">\n\t\t\t\t\t\t\t\t\t<option value=\"Empresa\">Empresa<\/option>\n\t\t\t\t\t\t\t\t\t<option value=\"Boda\">Boda<\/option>\n\t\t\t\t\t\t\t\t\t<option value=\"Celebraci\u00f3n\">Celebraci\u00f3n<\/option>\n\t\t\t\t\t\t\t<\/select>\n\t\t<\/div>\n\t\t\t\t\t\t<\/div>\n\t\t\t\t\t\t\t\t<div class=\"elementor-field-type-text elementor-field-group elementor-column elementor-field-group-field_2 elementor-col-50 elementor-field-required\">\n\t\t\t\t\t\t\t\t\t\t\t\t<label for=\"form-field-field_2\" class=\"elementor-field-label\">\n\t\t\t\t\t\t\t\tNombre\t\t\t\t\t\t\t<\/label>\n\t\t\t\t\t\t\t\t\t\t\t\t\t\t<input size=\"1\" type=\"text\" name=\"form_fields[field_2]\" id=\"form-field-field_2\" class=\"elementor-field elementor-size-sm  elementor-field-textual\" required=\"required\">\n\t\t\t\t\t\t\t\t\t\t\t<\/div>\n\t\t\t\t\t\t\t\t<div class=\"elementor-field-type-text elementor-field-group elementor-column elementor-field-group-field_3 elementor-col-50 elementor-field-required\">\n\t\t\t\t\t\t\t\t\t\t\t\t<label for=\"form-field-field_3\" class=\"elementor-field-label\">\n\t\t\t\t\t\t\t\tApellidos\t\t\t\t\t\t\t<\/label>\n\t\t\t\t\t\t\t\t\t\t\t\t\t\t<input size=\"1\" type=\"text\" name=\"form_fields[field_3]\" id=\"form-field-field_3\" class=\"elementor-field elementor-size-sm  elementor-field-textual\" required=\"required\">\n\t\t\t\t\t\t\t\t\t\t\t<\/div>\n\t\t\t\t\t\t\t\t<div class=\"elementor-field-type-text elementor-field-group elementor-column elementor-field-group-field_4 elementor-col-50 elementor-field-required\">\n\t\t\t\t\t\t\t\t\t\t\t\t<label for=\"form-field-field_4\" class=\"elementor-field-label\">\n\t\t\t\t\t\t\t\tTel\u00e9fono\t\t\t\t\t\t\t<\/label>\n\t\t\t\t\t\t\t\t\t\t\t\t\t\t<input size=\"1\" type=\"text\" name=\"form_fields[field_4]\" id=\"form-field-field_4\" class=\"elementor-field elementor-size-sm  elementor-field-textual\" required=\"required\">\n\t\t\t\t\t\t\t\t\t\t\t<\/div>\n\t\t\t\t\t\t\t\t<div class=\"elementor-field-type-email elementor-field-group elementor-column elementor-field-group-email elementor-col-50 elementor-field-required\">\n\t\t\t\t\t\t\t\t\t\t\t\t<label for=\"form-field-email\" class=\"elementor-field-label\">\n\t\t\t\t\t\t\t\tE-mail\t\t\t\t\t\t\t<\/label>\n\t\t\t\t\t\t\t\t\t\t\t\t\t\t<input size=\"1\" type=\"email\" name=\"form_fields[email]\" id=\"form-field-email\" class=\"elementor-field elementor-size-sm  elementor-field-textual\" required=\"required\">\n\t\t\t\t\t\t\t\t\t\t\t<\/div>\n\t\t\t\t\t\t\t\t<div class=\"elementor-field-type-text elementor-field-group elementor-column elementor-field-group-field_8 elementor-col-50 elementor-field-required\">\n\t\t\t\t\t\t\t\t\t\t\t\t<label for=\"form-field-field_8\" class=\"elementor-field-label\">\n\t\t\t\t\t\t\t\t\u00bfCu\u00e1ndo?\t\t\t\t\t\t\t<\/label>\n\t\t\t\t\t\t\t\t\t\t\t\t\t\t<input size=\"1\" type=\"text\" name=\"form_fields[field_8]\" id=\"form-field-field_8\" class=\"elementor-field elementor-size-sm  elementor-field-textual\" required=\"required\">\n\t\t\t\t\t\t\t\t\t\t\t<\/div>\n\t\t\t\t\t\t\t\t<div class=\"elementor-field-type-text elementor-field-group elementor-column elementor-field-group-field_5 elementor-col-50 elementor-field-required\">\n\t\t\t\t\t\t\t\t\t\t\t\t<label for=\"form-field-field_5\" class=\"elementor-field-label\">\n\t\t\t\t\t\t\t\t\u00bfCu\u00e1ntas personas ser\u00e9is?\t\t\t\t\t\t\t<\/label>\n\t\t\t\t\t\t\t\t\t\t\t\t\t\t<input size=\"1\" type=\"text\" name=\"form_fields[field_5]\" id=\"form-field-field_5\" class=\"elementor-field elementor-size-sm  elementor-field-textual\" required=\"required\">\n\t\t\t\t\t\t\t\t\t\t\t<\/div>\n\t\t\t\t\t\t\t\t<div class=\"elementor-field-type-text elementor-field-group elementor-column elementor-field-group-name elementor-col-100 elementor-field-required\">\n\t\t\t\t\t\t\t\t\t\t\t\t<label for=\"form-field-name\" class=\"elementor-field-label\">\n\t\t\t\t\t\t\t\t\u00bfD\u00f3nde?\t\t\t\t\t\t\t<\/label>\n\t\t\t\t\t\t\t\t\t\t\t\t\t\t<input size=\"1\" type=\"text\" name=\"form_fields[name]\" id=\"form-field-name\" class=\"elementor-field elementor-size-sm  elementor-field-textual\" required=\"required\">\n\t\t\t\t\t\t\t\t\t\t\t<\/div>\n\t\t\t\t\t\t\t\t<div class=\"elementor-field-type-textarea elementor-field-group elementor-column elementor-field-group-field_6 elementor-col-100 elementor-field-required\">\n\t\t\t\t\t\t\t\t\t\t\t\t<label for=\"form-field-field_6\" class=\"elementor-field-label\">\n\t\t\t\t\t\t\t\tMensaje\t\t\t\t\t\t\t<\/label>\n\t\t\t\t\t\t<textarea class=\"elementor-field-textual elementor-field  elementor-size-sm\" name=\"form_fields[field_6]\" id=\"form-field-field_6\" rows=\"4\" required=\"required\"><\/textarea>\t\t\t\t<\/div>\n\t\t\t\t\t\t\t\t<div class=\"elementor-field-type-acceptance elementor-field-group elementor-column elementor-field-group-field_7 elementor-col-60 elementor-field-required\">\n\t\t\t\t\t\t\t<div class=\"elementor-field-subgroup\">\n\t\t\t<span class=\"elementor-field-option\">\n\t\t\t\t<input type=\"checkbox\" name=\"form_fields[field_7]\" id=\"form-field-field_7\" class=\"elementor-field elementor-size-sm  elementor-acceptance-field\" required=\"required\">\n\t\t\t\t<label for=\"form-field-field_7\">He le\u00eddo y acepto vuestra <a href=\"https:\/\/www.gaucatering.com\/politica-privacidad-redes-sociales\/\" target=\"_blank\">pol\u00edtica de privacidad<\/a>.<\/label>\t\t\t<\/span>\n\t\t<\/div>\n\t\t\t\t\t\t<\/div>\n\t\t\t\t\t\t\t\t<div class=\"elementor-field-group elementor-column elementor-field-type-submit elementor-col-40 e-form__buttons\">\n\t\t\t\t\t<button class=\"elementor-button elementor-size-sm\" type=\"submit\">\n\t\t\t\t\t\t<span class=\"elementor-button-content-wrapper\">\n\t\t\t\t\t\t\t\t\t\t\t\t\t\t\t\t\t\t\t\t\t\t<span class=\"elementor-button-text\">Enviar<\/span>\n\t\t\t\t\t\t\t\t\t\t\t\t\t<\/span>\n\t\t\t\t\t<\/button>\n\t\t\t\t<\/div>\n\t\t\t<\/div>\n\t\t<\/form>\n\t\t\t\t\t\t<\/div>\n\t\t\t\t<\/div>\n\t\t\t\t\t<\/div>\n\t\t<\/div>\n\t\t\t\t\t<\/div>\n\t\t<\/section>\n\t\t\t\t<\/div>\n\t\t","protected":false},"excerpt":{"rendered":"<p>Catering Masia Ros\u00e0s Reservar mi fecha Can you imagine dining under the stars? At Masia Ros\u00e0s, a traditional Catalan farmhouse in Valldoreix, Sant Cugat del Vall\u00e8s, you can do just that. This versatile, historic venue combines spacious, elegant interiors with exquisite outdoor areas. We love its fabulous Era, ideal for summer dinners under the open [&hellip;]<\/p>\n","protected":false},"author":1,"featured_media":0,"parent":0,"menu_order":0,"comment_status":"closed","ping_status":"closed","template":"elementor_header_footer","meta":{"footnotes":""},"class_list":["post-48443","page","type-page","status-publish","hentry"],"yoast_head":"<!-- This site is optimized with the Yoast SEO plugin v27.4 - https:\/\/yoast.com\/product\/yoast-seo-wordpress\/ -->\n<title>Catering Masia Rosa\u0300s<\/title>\n<meta name=\"robots\" content=\"index, follow, max-snippet:-1, max-image-preview:large, max-video-preview:-1\" \/>\n<link rel=\"canonical\" href=\"https:\/\/www.gaucatering.com\/en\/catering-masia-rosas\/\" \/>\n<meta property=\"og:locale\" content=\"en_US\" \/>\n<meta property=\"og:type\" content=\"article\" \/>\n<meta property=\"og:title\" content=\"Catering Masia Rosa\u0300s\" \/>\n<meta property=\"og:description\" content=\"Catering Masia Ros\u00e0s Reservar mi fecha Can you imagine dining under the stars? At Masia Ros\u00e0s, a traditional Catalan farmhouse in Valldoreix, Sant Cugat del Vall\u00e8s, you can do just that. This versatile, historic venue combines spacious, elegant interiors with exquisite outdoor areas. We love its fabulous Era, ideal for summer dinners under the open [&hellip;]\" \/>\n<meta property=\"og:url\" content=\"https:\/\/www.gaucatering.com\/en\/catering-masia-rosas\/\" \/>\n<meta property=\"og:site_name\" content=\"Catering sostenible de calidad en Barcelona\" \/>\n<meta property=\"article:publisher\" content=\"https:\/\/www.facebook.com\/GAU-Catering-44876256866\/\" \/>\n<meta property=\"article:modified_time\" content=\"2025-05-20T10:04:17+00:00\" \/>\n<meta property=\"og:image\" content=\"https:\/\/www.gaucatering.com\/wp-content\/uploads\/2019\/10\/home-v2-3.jpg\" \/>\n\t<meta property=\"og:image:width\" content=\"529\" \/>\n\t<meta property=\"og:image:height\" content=\"800\" \/>\n\t<meta property=\"og:image:type\" content=\"image\/jpeg\" \/>\n<meta name=\"twitter:card\" content=\"summary_large_image\" \/>\n<meta name=\"twitter:site\" content=\"@GAUCatering\" \/>\n<meta name=\"twitter:label1\" content=\"Est. reading time\" \/>\n\t<meta name=\"twitter:data1\" content=\"1 minute\" \/>\n<script type=\"application\/ld+json\" class=\"yoast-schema-graph\">{\"@context\":\"https:\\\/\\\/schema.org\",\"@graph\":[{\"@type\":\"WebPage\",\"@id\":\"https:\\\/\\\/www.gaucatering.com\\\/en\\\/catering-masia-rosas\\\/\",\"url\":\"https:\\\/\\\/www.gaucatering.com\\\/en\\\/catering-masia-rosas\\\/\",\"name\":\"Catering Masia Rosa\u0300s\",\"isPartOf\":{\"@id\":\"https:\\\/\\\/www.gaucatering.com\\\/#website\"},\"primaryImageOfPage\":{\"@id\":\"https:\\\/\\\/www.gaucatering.com\\\/en\\\/catering-masia-rosas\\\/#primaryimage\"},\"image\":{\"@id\":\"https:\\\/\\\/www.gaucatering.com\\\/en\\\/catering-masia-rosas\\\/#primaryimage\"},\"thumbnailUrl\":\"https:\\\/\\\/www.gaucatering.com\\\/wp-content\\\/uploads\\\/2019\\\/10\\\/home-v2-3-768x1161.jpg\",\"datePublished\":\"2025-05-20T10:02:48+00:00\",\"dateModified\":\"2025-05-20T10:04:17+00:00\",\"breadcrumb\":{\"@id\":\"https:\\\/\\\/www.gaucatering.com\\\/en\\\/catering-masia-rosas\\\/#breadcrumb\"},\"inLanguage\":\"en-US\",\"potentialAction\":[{\"@type\":\"ReadAction\",\"target\":[\"https:\\\/\\\/www.gaucatering.com\\\/en\\\/catering-masia-rosas\\\/\"]}]},{\"@type\":\"ImageObject\",\"inLanguage\":\"en-US\",\"@id\":\"https:\\\/\\\/www.gaucatering.com\\\/en\\\/catering-masia-rosas\\\/#primaryimage\",\"url\":\"https:\\\/\\\/www.gaucatering.com\\\/wp-content\\\/uploads\\\/2019\\\/10\\\/home-v2-3-768x1161.jpg\",\"contentUrl\":\"https:\\\/\\\/www.gaucatering.com\\\/wp-content\\\/uploads\\\/2019\\\/10\\\/home-v2-3-768x1161.jpg\"},{\"@type\":\"BreadcrumbList\",\"@id\":\"https:\\\/\\\/www.gaucatering.com\\\/en\\\/catering-masia-rosas\\\/#breadcrumb\",\"itemListElement\":[{\"@type\":\"ListItem\",\"position\":1,\"name\":\"Portada\",\"item\":\"https:\\\/\\\/www.gaucatering.com\\\/en\\\/\"},{\"@type\":\"ListItem\",\"position\":2,\"name\":\"Catering Masia Rosa\u0300s\"}]},{\"@type\":\"WebSite\",\"@id\":\"https:\\\/\\\/www.gaucatering.com\\\/#website\",\"url\":\"https:\\\/\\\/www.gaucatering.com\\\/\",\"name\":\"Catering sostenible de calidad en Barcelona\",\"description\":\"Creemos en el poder de la gastronom\u00eda para crear recuerdos. Pasi\u00f3n, trabajo bien hecho y compromiso medioambiental y social. Catering para bodas y empresas \u260e\ufe0f\",\"publisher\":{\"@id\":\"https:\\\/\\\/www.gaucatering.com\\\/#organization\"},\"potentialAction\":[{\"@type\":\"SearchAction\",\"target\":{\"@type\":\"EntryPoint\",\"urlTemplate\":\"https:\\\/\\\/www.gaucatering.com\\\/?s={search_term_string}\"},\"query-input\":{\"@type\":\"PropertyValueSpecification\",\"valueRequired\":true,\"valueName\":\"search_term_string\"}}],\"inLanguage\":\"en-US\"},{\"@type\":\"Organization\",\"@id\":\"https:\\\/\\\/www.gaucatering.com\\\/#organization\",\"name\":\"GAU CATERING\",\"url\":\"https:\\\/\\\/www.gaucatering.com\\\/\",\"logo\":{\"@type\":\"ImageObject\",\"inLanguage\":\"en-US\",\"@id\":\"https:\\\/\\\/www.gaucatering.com\\\/#\\\/schema\\\/logo\\\/image\\\/\",\"url\":\"https:\\\/\\\/www.gaucatering.com\\\/wp-content\\\/uploads\\\/2019\\\/11\\\/logo-gau-v2.png\",\"contentUrl\":\"https:\\\/\\\/www.gaucatering.com\\\/wp-content\\\/uploads\\\/2019\\\/11\\\/logo-gau-v2.png\",\"width\":100,\"height\":60,\"caption\":\"GAU CATERING\"},\"image\":{\"@id\":\"https:\\\/\\\/www.gaucatering.com\\\/#\\\/schema\\\/logo\\\/image\\\/\"},\"sameAs\":[\"https:\\\/\\\/www.facebook.com\\\/GAU-Catering-44876256866\\\/\",\"https:\\\/\\\/x.com\\\/GAUCatering\",\"https:\\\/\\\/www.instagram.com\\\/gaucatering\\\/\",\"https:\\\/\\\/www.linkedin.com\\\/company\\\/gau-catering\\\/\"]}]}<\/script>\n<!-- \/ Yoast SEO plugin. -->","yoast_head_json":{"title":"Catering Masia Rosa\u0300s","robots":{"index":"index","follow":"follow","max-snippet":"max-snippet:-1","max-image-preview":"max-image-preview:large","max-video-preview":"max-video-preview:-1"},"canonical":"https:\/\/www.gaucatering.com\/en\/catering-masia-rosas\/","og_locale":"en_US","og_type":"article","og_title":"Catering Masia Rosa\u0300s","og_description":"Catering Masia Ros\u00e0s Reservar mi fecha Can you imagine dining under the stars? At Masia Ros\u00e0s, a traditional Catalan farmhouse in Valldoreix, Sant Cugat del Vall\u00e8s, you can do just that. This versatile, historic venue combines spacious, elegant interiors with exquisite outdoor areas. We love its fabulous Era, ideal for summer dinners under the open [&hellip;]","og_url":"https:\/\/www.gaucatering.com\/en\/catering-masia-rosas\/","og_site_name":"Catering sostenible de calidad en Barcelona","article_publisher":"https:\/\/www.facebook.com\/GAU-Catering-44876256866\/","article_modified_time":"2025-05-20T10:04:17+00:00","og_image":[{"width":529,"height":800,"url":"https:\/\/www.gaucatering.com\/wp-content\/uploads\/2019\/10\/home-v2-3.jpg","type":"image\/jpeg"}],"twitter_card":"summary_large_image","twitter_site":"@GAUCatering","twitter_misc":{"Est. reading time":"1 minute"},"schema":{"@context":"https:\/\/schema.org","@graph":[{"@type":"WebPage","@id":"https:\/\/www.gaucatering.com\/en\/catering-masia-rosas\/","url":"https:\/\/www.gaucatering.com\/en\/catering-masia-rosas\/","name":"Catering Masia Rosa\u0300s","isPartOf":{"@id":"https:\/\/www.gaucatering.com\/#website"},"primaryImageOfPage":{"@id":"https:\/\/www.gaucatering.com\/en\/catering-masia-rosas\/#primaryimage"},"image":{"@id":"https:\/\/www.gaucatering.com\/en\/catering-masia-rosas\/#primaryimage"},"thumbnailUrl":"https:\/\/www.gaucatering.com\/wp-content\/uploads\/2019\/10\/home-v2-3-768x1161.jpg","datePublished":"2025-05-20T10:02:48+00:00","dateModified":"2025-05-20T10:04:17+00:00","breadcrumb":{"@id":"https:\/\/www.gaucatering.com\/en\/catering-masia-rosas\/#breadcrumb"},"inLanguage":"en-US","potentialAction":[{"@type":"ReadAction","target":["https:\/\/www.gaucatering.com\/en\/catering-masia-rosas\/"]}]},{"@type":"ImageObject","inLanguage":"en-US","@id":"https:\/\/www.gaucatering.com\/en\/catering-masia-rosas\/#primaryimage","url":"https:\/\/www.gaucatering.com\/wp-content\/uploads\/2019\/10\/home-v2-3-768x1161.jpg","contentUrl":"https:\/\/www.gaucatering.com\/wp-content\/uploads\/2019\/10\/home-v2-3-768x1161.jpg"},{"@type":"BreadcrumbList","@id":"https:\/\/www.gaucatering.com\/en\/catering-masia-rosas\/#breadcrumb","itemListElement":[{"@type":"ListItem","position":1,"name":"Portada","item":"https:\/\/www.gaucatering.com\/en\/"},{"@type":"ListItem","position":2,"name":"Catering Masia Rosa\u0300s"}]},{"@type":"WebSite","@id":"https:\/\/www.gaucatering.com\/#website","url":"https:\/\/www.gaucatering.com\/","name":"Catering sostenible de calidad en Barcelona","description":"Creemos en el poder de la gastronom\u00eda para crear recuerdos. Pasi\u00f3n, trabajo bien hecho y compromiso medioambiental y social. Catering para bodas y empresas \u260e\ufe0f","publisher":{"@id":"https:\/\/www.gaucatering.com\/#organization"},"potentialAction":[{"@type":"SearchAction","target":{"@type":"EntryPoint","urlTemplate":"https:\/\/www.gaucatering.com\/?s={search_term_string}"},"query-input":{"@type":"PropertyValueSpecification","valueRequired":true,"valueName":"search_term_string"}}],"inLanguage":"en-US"},{"@type":"Organization","@id":"https:\/\/www.gaucatering.com\/#organization","name":"GAU CATERING","url":"https:\/\/www.gaucatering.com\/","logo":{"@type":"ImageObject","inLanguage":"en-US","@id":"https:\/\/www.gaucatering.com\/#\/schema\/logo\/image\/","url":"https:\/\/www.gaucatering.com\/wp-content\/uploads\/2019\/11\/logo-gau-v2.png","contentUrl":"https:\/\/www.gaucatering.com\/wp-content\/uploads\/2019\/11\/logo-gau-v2.png","width":100,"height":60,"caption":"GAU CATERING"},"image":{"@id":"https:\/\/www.gaucatering.com\/#\/schema\/logo\/image\/"},"sameAs":["https:\/\/www.facebook.com\/GAU-Catering-44876256866\/","https:\/\/x.com\/GAUCatering","https:\/\/www.instagram.com\/gaucatering\/","https:\/\/www.linkedin.com\/company\/gau-catering\/"]}]}},"_links":{"self":[{"href":"https:\/\/www.gaucatering.com\/en\/wp-json\/wp\/v2\/pages\/48443","targetHints":{"allow":["GET"]}}],"collection":[{"href":"https:\/\/www.gaucatering.com\/en\/wp-json\/wp\/v2\/pages"}],"about":[{"href":"https:\/\/www.gaucatering.com\/en\/wp-json\/wp\/v2\/types\/page"}],"author":[{"embeddable":true,"href":"https:\/\/www.gaucatering.com\/en\/wp-json\/wp\/v2\/users\/1"}],"replies":[{"embeddable":true,"href":"https:\/\/www.gaucatering.com\/en\/wp-json\/wp\/v2\/comments?post=48443"}],"version-history":[{"count":8,"href":"https:\/\/www.gaucatering.com\/en\/wp-json\/wp\/v2\/pages\/48443\/revisions"}],"predecessor-version":[{"id":48451,"href":"https:\/\/www.gaucatering.com\/en\/wp-json\/wp\/v2\/pages\/48443\/revisions\/48451"}],"wp:attachment":[{"href":"https:\/\/www.gaucatering.com\/en\/wp-json\/wp\/v2\/media?parent=48443"}],"curies":[{"name":"wp","href":"https:\/\/api.w.org\/{rel}","templated":true}]}}