{"id":48724,"date":"2025-05-23T11:22:36","date_gmt":"2025-05-23T09:22:36","guid":{"rendered":"https:\/\/www.gaucatering.com\/?page_id=48724"},"modified":"2025-05-23T11:23:56","modified_gmt":"2025-05-23T09:23:56","slug":"catering-esferic","status":"publish","type":"page","link":"https:\/\/www.gaucatering.com\/en\/catering-esferic\/","title":{"rendered":"Catering Esf\u00e8ric"},"content":{"rendered":"\t\t<div data-elementor-type=\"wp-page\" data-elementor-id=\"48724\" class=\"elementor elementor-48724\" data-elementor-post-type=\"page\">\n\t\t\t\t\t\t<section class=\"elementor-section elementor-top-section elementor-element elementor-element-a12fe1f elementor-section-height-min-height elementor-section-stretched elementor-section-boxed elementor-section-height-default elementor-section-items-middle\" data-id=\"a12fe1f\" data-element_type=\"section\" data-e-type=\"section\" data-settings=\"{&quot;background_background&quot;:&quot;classic&quot;,&quot;shape_divider_bottom&quot;:&quot;arrow&quot;,&quot;shape_divider_bottom_negative&quot;:&quot;yes&quot;,&quot;stretch_section&quot;:&quot;section-stretched&quot;}\">\n\t\t\t\t\t\t\t<div class=\"elementor-background-overlay\"><\/div>\n\t\t\t\t\t\t<div class=\"elementor-shape elementor-shape-bottom\" aria-hidden=\"true\" data-negative=\"true\">\n\t\t\t<svg xmlns=\"http:\/\/www.w3.org\/2000\/svg\" viewBox=\"0 0 700 10\" preserveAspectRatio=\"none\">\n\t<path class=\"elementor-shape-fill\" d=\"M360 0L350 9.9 340 0 0 0 0 10 700 10 700 0\"\/>\n<\/svg>\t\t<\/div>\n\t\t\t\t\t<div class=\"elementor-container elementor-column-gap-default\">\n\t\t\t\t\t<div class=\"elementor-column elementor-col-100 elementor-top-column elementor-element elementor-element-768d8c2\" data-id=\"768d8c2\" data-element_type=\"column\" data-e-type=\"column\">\n\t\t\t<div class=\"elementor-widget-wrap\">\n\t\t\t\t\t\t\t<\/div>\n\t\t<\/div>\n\t\t\t\t\t<\/div>\n\t\t<\/section>\n\t\t\t\t<section class=\"elementor-section elementor-top-section elementor-element elementor-element-5306d2a elementor-section-content-middle elementor-section-stretched elementor-section-boxed elementor-section-height-default elementor-section-height-default\" data-id=\"5306d2a\" data-element_type=\"section\" data-e-type=\"section\" data-settings=\"{&quot;background_background&quot;:&quot;classic&quot;,&quot;stretch_section&quot;:&quot;section-stretched&quot;}\">\n\t\t\t\t\t\t<div class=\"elementor-container elementor-column-gap-default\">\n\t\t\t\t\t<div class=\"elementor-column elementor-col-50 elementor-top-column elementor-element elementor-element-307f262\" data-id=\"307f262\" data-element_type=\"column\" data-e-type=\"column\">\n\t\t\t<div class=\"elementor-widget-wrap elementor-element-populated\">\n\t\t\t\t\t\t<div class=\"elementor-element elementor-element-5828967 elementor-widget elementor-widget-heading\" data-id=\"5828967\" data-element_type=\"widget\" data-e-type=\"widget\" data-widget_type=\"heading.default\">\n\t\t\t\t<div class=\"elementor-widget-container\">\n\t\t\t\t\t<h1 class=\"elementor-heading-title elementor-size-default\">Catering Esf\u00e8ric<\/h1>\t\t\t\t<\/div>\n\t\t\t\t<\/div>\n\t\t\t\t\t<\/div>\n\t\t<\/div>\n\t\t\t\t<div class=\"elementor-column elementor-col-50 elementor-top-column elementor-element elementor-element-05831ed\" data-id=\"05831ed\" data-element_type=\"column\" data-e-type=\"column\">\n\t\t\t<div class=\"elementor-widget-wrap elementor-element-populated\">\n\t\t\t\t\t\t<div class=\"elementor-element elementor-element-45ecd23 elementor-align-right elementor-mobile-align-center elementor-widget elementor-widget-button\" data-id=\"45ecd23\" data-element_type=\"widget\" data-e-type=\"widget\" data-widget_type=\"button.default\">\n\t\t\t\t<div class=\"elementor-widget-container\">\n\t\t\t\t\t\t\t\t\t<div class=\"elementor-button-wrapper\">\n\t\t\t\t\t<a class=\"elementor-button elementor-button-link elementor-size-lg\" href=\"https:\/\/www.gaucatering.com\/contacto\/\">\n\t\t\t\t\t\t<span class=\"elementor-button-content-wrapper\">\n\t\t\t\t\t\t<span class=\"elementor-button-icon\">\n\t\t\t\t<i aria-hidden=\"true\" class=\"fas fa-angle-double-right\"><\/i>\t\t\t<\/span>\n\t\t\t\t\t\t\t\t\t<span class=\"elementor-button-text\">Reservar mi fecha<\/span>\n\t\t\t\t\t<\/span>\n\t\t\t\t\t<\/a>\n\t\t\t\t<\/div>\n\t\t\t\t\t\t\t\t<\/div>\n\t\t\t\t<\/div>\n\t\t\t\t\t<\/div>\n\t\t<\/div>\n\t\t\t\t\t<\/div>\n\t\t<\/section>\n\t\t\t\t<section class=\"elementor-section elementor-top-section elementor-element elementor-element-2aeb294 elementor-section-boxed elementor-section-height-default elementor-section-height-default\" data-id=\"2aeb294\" data-element_type=\"section\" data-e-type=\"section\">\n\t\t\t\t\t\t<div class=\"elementor-container elementor-column-gap-default\">\n\t\t\t\t\t<div class=\"elementor-column elementor-col-100 elementor-top-column elementor-element elementor-element-f31bbe2\" data-id=\"f31bbe2\" data-element_type=\"column\" data-e-type=\"column\">\n\t\t\t<div class=\"elementor-widget-wrap elementor-element-populated\">\n\t\t\t\t\t\t<div class=\"elementor-element elementor-element-124a8dc elementor-widget elementor-widget-text-editor\" data-id=\"124a8dc\" data-element_type=\"widget\" data-e-type=\"widget\" data-widget_type=\"text-editor.default\">\n\t\t\t\t<div class=\"elementor-widget-container\">\n\t\t\t\t\t\t\t\t\t<p><span style=\"font-weight: 400;\">Located in the vibrant city of Barcelona, <strong>Esf\u00e8ric<\/strong> is a groundbreaking venue that offers a truly innovative space for events of all kinds. With its striking architectural design and state-of-the-art facilities, Esf\u00e8ric provides a futuristic backdrop for corporate events, conferences, exhibitions, and private celebrations.\u00a0<\/span><\/p><p><span style=\"font-weight: 400;\">Its unique atmosphere, enhanced by cutting-edge technology, guarantees an unforgettable experience for every guest.<\/span><\/p>\t\t\t\t\t\t\t\t<\/div>\n\t\t\t\t<\/div>\n\t\t\t\t\t<\/div>\n\t\t<\/div>\n\t\t\t\t\t<\/div>\n\t\t<\/section>\n\t\t\t\t<\/div>\n\t\t","protected":false},"excerpt":{"rendered":"<p>Catering Esf\u00e8ric Reservar mi fecha Located in the vibrant city of Barcelona, Esf\u00e8ric is a groundbreaking venue that offers a truly innovative space for events of all kinds. With its striking architectural design and state-of-the-art facilities, Esf\u00e8ric provides a futuristic backdrop for corporate events, conferences, exhibitions, and private celebrations.\u00a0 Its unique atmosphere, enhanced by cutting-edge [&hellip;]<\/p>\n","protected":false},"author":1,"featured_media":0,"parent":0,"menu_order":0,"comment_status":"closed","ping_status":"closed","template":"","meta":{"footnotes":""},"class_list":["post-48724","page","type-page","status-publish","hentry"],"yoast_head":"<!-- This site is optimized with the Yoast SEO plugin v27.4 - https:\/\/yoast.com\/product\/yoast-seo-wordpress\/ -->\n<title>Catering Esf\u00e8ric<\/title>\n<meta name=\"robots\" content=\"index, follow, max-snippet:-1, max-image-preview:large, max-video-preview:-1\" \/>\n<link rel=\"canonical\" href=\"https:\/\/www.gaucatering.com\/en\/catering-esferic\/\" \/>\n<meta property=\"og:locale\" content=\"en_US\" \/>\n<meta property=\"og:type\" content=\"article\" \/>\n<meta property=\"og:title\" content=\"Catering Esf\u00e8ric\" \/>\n<meta property=\"og:description\" content=\"Catering Esf\u00e8ric Reservar mi fecha Located in the vibrant city of Barcelona, Esf\u00e8ric is a groundbreaking venue that offers a truly innovative space for events of all kinds. With its striking architectural design and state-of-the-art facilities, Esf\u00e8ric provides a futuristic backdrop for corporate events, conferences, exhibitions, and private celebrations.\u00a0 Its unique atmosphere, enhanced by cutting-edge [&hellip;]\" \/>\n<meta property=\"og:url\" content=\"https:\/\/www.gaucatering.com\/en\/catering-esferic\/\" \/>\n<meta property=\"og:site_name\" content=\"Catering sostenible de calidad en Barcelona\" \/>\n<meta property=\"article:publisher\" content=\"https:\/\/www.facebook.com\/GAU-Catering-44876256866\/\" \/>\n<meta property=\"article:modified_time\" content=\"2025-05-23T09:23:56+00:00\" \/>\n<meta name=\"twitter:card\" content=\"summary_large_image\" \/>\n<meta name=\"twitter:site\" content=\"@GAUCatering\" \/>\n<meta name=\"twitter:label1\" content=\"Est. reading time\" \/>\n\t<meta name=\"twitter:data1\" content=\"1 minute\" \/>\n<script type=\"application\/ld+json\" class=\"yoast-schema-graph\">{\"@context\":\"https:\\\/\\\/schema.org\",\"@graph\":[{\"@type\":\"WebPage\",\"@id\":\"https:\\\/\\\/www.gaucatering.com\\\/en\\\/catering-esferic\\\/\",\"url\":\"https:\\\/\\\/www.gaucatering.com\\\/en\\\/catering-esferic\\\/\",\"name\":\"Catering Esf\u00e8ric\",\"isPartOf\":{\"@id\":\"https:\\\/\\\/www.gaucatering.com\\\/#website\"},\"datePublished\":\"2025-05-23T09:22:36+00:00\",\"dateModified\":\"2025-05-23T09:23:56+00:00\",\"breadcrumb\":{\"@id\":\"https:\\\/\\\/www.gaucatering.com\\\/en\\\/catering-esferic\\\/#breadcrumb\"},\"inLanguage\":\"en-US\",\"potentialAction\":[{\"@type\":\"ReadAction\",\"target\":[\"https:\\\/\\\/www.gaucatering.com\\\/en\\\/catering-esferic\\\/\"]}]},{\"@type\":\"BreadcrumbList\",\"@id\":\"https:\\\/\\\/www.gaucatering.com\\\/en\\\/catering-esferic\\\/#breadcrumb\",\"itemListElement\":[{\"@type\":\"ListItem\",\"position\":1,\"name\":\"Portada\",\"item\":\"https:\\\/\\\/www.gaucatering.com\\\/en\\\/\"},{\"@type\":\"ListItem\",\"position\":2,\"name\":\"Catering Esf\u00e8ric\"}]},{\"@type\":\"WebSite\",\"@id\":\"https:\\\/\\\/www.gaucatering.com\\\/#website\",\"url\":\"https:\\\/\\\/www.gaucatering.com\\\/\",\"name\":\"Catering sostenible de calidad en Barcelona\",\"description\":\"Creemos en el poder de la gastronom\u00eda para crear recuerdos. Pasi\u00f3n, trabajo bien hecho y compromiso medioambiental y social. Catering para bodas y empresas \u260e\ufe0f\",\"publisher\":{\"@id\":\"https:\\\/\\\/www.gaucatering.com\\\/#organization\"},\"potentialAction\":[{\"@type\":\"SearchAction\",\"target\":{\"@type\":\"EntryPoint\",\"urlTemplate\":\"https:\\\/\\\/www.gaucatering.com\\\/?s={search_term_string}\"},\"query-input\":{\"@type\":\"PropertyValueSpecification\",\"valueRequired\":true,\"valueName\":\"search_term_string\"}}],\"inLanguage\":\"en-US\"},{\"@type\":\"Organization\",\"@id\":\"https:\\\/\\\/www.gaucatering.com\\\/#organization\",\"name\":\"GAU CATERING\",\"url\":\"https:\\\/\\\/www.gaucatering.com\\\/\",\"logo\":{\"@type\":\"ImageObject\",\"inLanguage\":\"en-US\",\"@id\":\"https:\\\/\\\/www.gaucatering.com\\\/#\\\/schema\\\/logo\\\/image\\\/\",\"url\":\"https:\\\/\\\/www.gaucatering.com\\\/wp-content\\\/uploads\\\/2019\\\/11\\\/logo-gau-v2.png\",\"contentUrl\":\"https:\\\/\\\/www.gaucatering.com\\\/wp-content\\\/uploads\\\/2019\\\/11\\\/logo-gau-v2.png\",\"width\":100,\"height\":60,\"caption\":\"GAU CATERING\"},\"image\":{\"@id\":\"https:\\\/\\\/www.gaucatering.com\\\/#\\\/schema\\\/logo\\\/image\\\/\"},\"sameAs\":[\"https:\\\/\\\/www.facebook.com\\\/GAU-Catering-44876256866\\\/\",\"https:\\\/\\\/x.com\\\/GAUCatering\",\"https:\\\/\\\/www.instagram.com\\\/gaucatering\\\/\",\"https:\\\/\\\/www.linkedin.com\\\/company\\\/gau-catering\\\/\"]}]}<\/script>\n<!-- \/ Yoast SEO plugin. -->","yoast_head_json":{"title":"Catering Esf\u00e8ric","robots":{"index":"index","follow":"follow","max-snippet":"max-snippet:-1","max-image-preview":"max-image-preview:large","max-video-preview":"max-video-preview:-1"},"canonical":"https:\/\/www.gaucatering.com\/en\/catering-esferic\/","og_locale":"en_US","og_type":"article","og_title":"Catering Esf\u00e8ric","og_description":"Catering Esf\u00e8ric Reservar mi fecha Located in the vibrant city of Barcelona, Esf\u00e8ric is a groundbreaking venue that offers a truly innovative space for events of all kinds. With its striking architectural design and state-of-the-art facilities, Esf\u00e8ric provides a futuristic backdrop for corporate events, conferences, exhibitions, and private celebrations.\u00a0 Its unique atmosphere, enhanced by cutting-edge [&hellip;]","og_url":"https:\/\/www.gaucatering.com\/en\/catering-esferic\/","og_site_name":"Catering sostenible de calidad en Barcelona","article_publisher":"https:\/\/www.facebook.com\/GAU-Catering-44876256866\/","article_modified_time":"2025-05-23T09:23:56+00:00","twitter_card":"summary_large_image","twitter_site":"@GAUCatering","twitter_misc":{"Est. reading time":"1 minute"},"schema":{"@context":"https:\/\/schema.org","@graph":[{"@type":"WebPage","@id":"https:\/\/www.gaucatering.com\/en\/catering-esferic\/","url":"https:\/\/www.gaucatering.com\/en\/catering-esferic\/","name":"Catering Esf\u00e8ric","isPartOf":{"@id":"https:\/\/www.gaucatering.com\/#website"},"datePublished":"2025-05-23T09:22:36+00:00","dateModified":"2025-05-23T09:23:56+00:00","breadcrumb":{"@id":"https:\/\/www.gaucatering.com\/en\/catering-esferic\/#breadcrumb"},"inLanguage":"en-US","potentialAction":[{"@type":"ReadAction","target":["https:\/\/www.gaucatering.com\/en\/catering-esferic\/"]}]},{"@type":"BreadcrumbList","@id":"https:\/\/www.gaucatering.com\/en\/catering-esferic\/#breadcrumb","itemListElement":[{"@type":"ListItem","position":1,"name":"Portada","item":"https:\/\/www.gaucatering.com\/en\/"},{"@type":"ListItem","position":2,"name":"Catering Esf\u00e8ric"}]},{"@type":"WebSite","@id":"https:\/\/www.gaucatering.com\/#website","url":"https:\/\/www.gaucatering.com\/","name":"Catering sostenible de calidad en Barcelona","description":"Creemos en el poder de la gastronom\u00eda para crear recuerdos. Pasi\u00f3n, trabajo bien hecho y compromiso medioambiental y social. Catering para bodas y empresas \u260e\ufe0f","publisher":{"@id":"https:\/\/www.gaucatering.com\/#organization"},"potentialAction":[{"@type":"SearchAction","target":{"@type":"EntryPoint","urlTemplate":"https:\/\/www.gaucatering.com\/?s={search_term_string}"},"query-input":{"@type":"PropertyValueSpecification","valueRequired":true,"valueName":"search_term_string"}}],"inLanguage":"en-US"},{"@type":"Organization","@id":"https:\/\/www.gaucatering.com\/#organization","name":"GAU CATERING","url":"https:\/\/www.gaucatering.com\/","logo":{"@type":"ImageObject","inLanguage":"en-US","@id":"https:\/\/www.gaucatering.com\/#\/schema\/logo\/image\/","url":"https:\/\/www.gaucatering.com\/wp-content\/uploads\/2019\/11\/logo-gau-v2.png","contentUrl":"https:\/\/www.gaucatering.com\/wp-content\/uploads\/2019\/11\/logo-gau-v2.png","width":100,"height":60,"caption":"GAU CATERING"},"image":{"@id":"https:\/\/www.gaucatering.com\/#\/schema\/logo\/image\/"},"sameAs":["https:\/\/www.facebook.com\/GAU-Catering-44876256866\/","https:\/\/x.com\/GAUCatering","https:\/\/www.instagram.com\/gaucatering\/","https:\/\/www.linkedin.com\/company\/gau-catering\/"]}]}},"_links":{"self":[{"href":"https:\/\/www.gaucatering.com\/en\/wp-json\/wp\/v2\/pages\/48724","targetHints":{"allow":["GET"]}}],"collection":[{"href":"https:\/\/www.gaucatering.com\/en\/wp-json\/wp\/v2\/pages"}],"about":[{"href":"https:\/\/www.gaucatering.com\/en\/wp-json\/wp\/v2\/types\/page"}],"author":[{"embeddable":true,"href":"https:\/\/www.gaucatering.com\/en\/wp-json\/wp\/v2\/users\/1"}],"replies":[{"embeddable":true,"href":"https:\/\/www.gaucatering.com\/en\/wp-json\/wp\/v2\/comments?post=48724"}],"version-history":[{"count":8,"href":"https:\/\/www.gaucatering.com\/en\/wp-json\/wp\/v2\/pages\/48724\/revisions"}],"predecessor-version":[{"id":48732,"href":"https:\/\/www.gaucatering.com\/en\/wp-json\/wp\/v2\/pages\/48724\/revisions\/48732"}],"wp:attachment":[{"href":"https:\/\/www.gaucatering.com\/en\/wp-json\/wp\/v2\/media?parent=48724"}],"curies":[{"name":"wp","href":"https:\/\/api.w.org\/{rel}","templated":true}]}}